{"id":782,"date":"2019-02-28T11:32:00","date_gmt":"2019-02-28T11:32:00","guid":{"rendered":"https:\/\/colibriwp-work.colibriwp.com\/vineyard-i\/?page_id=782"},"modified":"2025-01-09T21:33:52","modified_gmt":"2025-01-09T20:33:52","slug":"termine","status":"publish","type":"page","link":"https:\/\/wolkenstayn.de\/en\/termine\/","title":{"rendered":"Events"},"content":{"rendered":"<div data-colibri-id=\"782-c1\" class=\"style-932 style-local-782-c1 position-relative\">\n  <!---->\n  <div data-colibri-component=\"section\" data-colibri-id=\"782-c2\" id=\"x2\" class=\"h-section h-section-global-spacing d-flex align-items-lg-center align-items-md-center align-items-center style-1113 style-local-782-c2 position-relative\">\n    <!---->\n    <!---->\n    <div class=\"h-section-grid-container h-section-boxed-container\">\n      <div data-colibri-id=\"782-c33\" class=\"h-row-container gutters-row-lg-1 gutters-row-md-1 gutters-row-2 gutters-row-v-lg-1 gutters-row-v-md-1 gutters-row-v-2 style-941 style-local-782-c33 position-relative\">\n        <!---->\n        <div class=\"h-row justify-content-lg-center justify-content-md-center justify-content-center align-items-lg-stretch align-items-md-stretch align-items-stretch gutters-col-lg-1 gutters-col-md-1 gutters-col-2 gutters-col-v-lg-1 gutters-col-v-md-1 gutters-col-v-2\">\n          <!---->\n          <div class=\"h-column h-column-container d-flex h-col-lg-auto h-col-md-auto h-col-auto style-942-outer style-local-782-c34-outer\">\n            <div data-colibri-id=\"782-c34\" class=\"d-flex h-flex-basis h-column__inner h-px-lg-1 h-px-md-1 h-px-2 v-inner-lg-1 v-inner-md-1 v-inner-2 style-942 style-local-782-c34 position-relative\">\n              <!---->\n              <!---->\n              <div class=\"w-100 h-y-container h-column__content h-column__v-align flex-basis-100 align-self-lg-start align-self-md-start align-self-start\">\n                <!---->\n                <div data-colibri-id=\"782-c35\" class=\"h-global-transition-all h-heading style-943 style-local-782-c35 position-relative h-element\">\n                  <!---->\n                  <div class=\"h-heading__outer style-943 style-local-782-c35\">\n                    <!---->\n                    <!---->\n                    <h2 class=\"\">Exhibitions, Courses &amp; Concerts<\/h2>\n                  <\/div>\n                <\/div>\n                <div data-colibri-id=\"782-c36\" class=\"h-text h-text-component style-2468 style-local-782-c36 position-relative h-element\">\n                  <!---->\n                  <!---->\n                  <div class=\"\">\n                    <p>Listed below is a small selection of interesting events about portative organs and traditional and ancient music.<\/p>\n                    <p>Please feel free to try out our instruments during the instrument exhibitions.<\/p>\n                  <\/div>\n                <\/div>\n              <\/div>\n            <\/div>\n          <\/div>\n        <\/div>\n      <\/div>\n      <div data-colibri-id=\"782-c3\" class=\"h-row-container gutters-row-lg-2 gutters-row-md-2 gutters-row-2 gutters-row-v-lg-2 gutters-row-v-md-2 gutters-row-v-2 style-980 style-local-782-c3 position-relative\">\n        <!---->\n        <div class=\"h-row justify-content-lg-center justify-content-md-center justify-content-center align-items-lg-stretch align-items-md-stretch align-items-stretch gutters-col-lg-2 gutters-col-md-2 gutters-col-2 gutters-col-v-lg-2 gutters-col-v-md-2 gutters-col-v-2\">\n          <!---->\n          <div class=\"h-column h-column-container d-flex h-col-lg-auto h-col-md-auto h-col-auto style-935-outer style-local-782-c4-outer\">\n            <div data-colibri-id=\"782-c4\" class=\"d-flex h-flex-basis h-column__inner h-px-lg-0 h-px-md-0 h-px-2 v-inner-lg-0 v-inner-md-0 v-inner-2 style-935 style-local-782-c4 position-relative\">\n              <!---->\n              <!---->\n              <div class=\"w-100 h-y-container h-column__content h-column__v-align flex-basis-100 align-self-lg-start align-self-md-start align-self-start\">\n                <!---->\n                <div data-colibri-id=\"782-c5\" class=\"h-global-transition-all h-heading style-948 style-local-782-c5 position-relative h-element\">\n                  <!---->\n                  <div class=\"h-heading__outer style-948 style-local-782-c5\">\n                    <!---->\n                    <!---->\n                    <h6 class=\"\">Februar\/M\u00e4rz<\/h6>\n                  <\/div>\n                <\/div>\n                <div data-colibri-id=\"782-c6\" class=\"h-global-transition-all h-heading style-937 style-local-782-c6 position-relative h-element\">\n                  <!---->\n                  <div class=\"h-heading__outer style-937 style-local-782-c6\">\n                    <!---->\n                    <!---->\n                    <h4 class=\"\">Schw\u00e4bisch Haller Sackpfeifertage<\/h4>\n                  <\/div>\n                <\/div>\n                <div data-colibri-id=\"782-c7\" class=\"h-text h-text-component style-938 style-local-782-c7 position-relative h-element\">\n                  <!---->\n                  <!---->\n                  <div class=\"\">\n                    <p>Music Instrument Exhibition <\/p>\n                  <\/div>\n                <\/div>\n                <div data-colibri-id=\"782-c8\" class=\"h-text h-text-component style-938 style-local-782-c8 position-relative h-element\">\n                  <!---->\n                  <!---->\n                  <div class=\"\">\n                    <p><span style=\"font-size: 101%;\">Location<\/span>: Schw\u00e4bisch Hall, Germany<\/p>\n                  <\/div>\n                <\/div>\n                <div data-colibri-id=\"782-c9\" class=\"h-x-container style-1608 style-local-782-c9 position-relative h-element\">\n                  <!---->\n                  <div class=\"h-x-container-inner style-dynamic-782-c9-group style-1608-spacing style-local-782-c9-spacing\"><span class=\"h-button__outer style-1609-outer style-local-782-c10-outer d-inline-flex h-element\"><a h-use-smooth-scroll=\"true\" href=\"https:\/\/www.sackpfeifertage.de\/\" target=\"_blank\" rel=\"nofollow noopener\" data-colibri-id=\"782-c10\" class=\"d-flex w-100 align-items-center h-button justify-content-lg-center justify-content-md-center justify-content-center style-1609 style-local-782-c10 position-relative\"><!----><!----> <span>Learn More<\/span><\/a>\n                    <\/span>\n                  <\/div>\n                <\/div>\n              <\/div>\n            <\/div>\n          <\/div>\n          <div class=\"h-column h-column-container d-flex h-col-lg-auto h-col-md-auto h-col-auto style-935-outer style-local-782-c11-outer\">\n            <div data-colibri-id=\"782-c11\" class=\"d-flex h-flex-basis h-column__inner h-px-lg-0 h-px-md-0 h-px-2 v-inner-lg-0 v-inner-md-0 v-inner-2 style-935 style-local-782-c11 position-relative\">\n              <!---->\n              <!---->\n              <div class=\"w-100 h-y-container h-column__content h-column__v-align flex-basis-100 align-self-lg-start align-self-md-start align-self-start\">\n                <!---->\n                <div data-colibri-id=\"782-c12\" class=\"h-global-transition-all h-heading style-948 style-local-782-c12 position-relative h-element\">\n                  <!---->\n                  <div class=\"h-heading__outer style-948 style-local-782-c12\">\n                    <!---->\n                    <!---->\n                    <h6 class=\"\">March &amp; November<\/h6>\n                  <\/div>\n                <\/div>\n                <div data-colibri-id=\"782-c13\" class=\"h-global-transition-all h-heading style-937 style-local-782-c13 position-relative h-element\">\n                  <!---->\n                  <div class=\"h-heading__outer style-937 style-local-782-c13\">\n                    <!---->\n                    <!---->\n                    <h4 class=\"\">&#8222;Organetto QuickStart&#8220;<\/h4>\n                  <\/div>\n                <\/div>\n                <div data-colibri-id=\"782-c14\" class=\"h-text h-text-component style-938 style-local-782-c14 position-relative h-element\">\n                  <!---->\n                  <!---->\n                  <div class=\"\">\n                    <p>Organetto-\/Portative Organ Course for beginners<\/p>\n                  <\/div>\n                <\/div>\n                <div data-colibri-id=\"782-c15\" class=\"h-text h-text-component style-938 style-local-782-c15 position-relative h-element\">\n                  <!---->\n                  <!---->\n                  <div class=\"\">\n                    <p><span style=\"font-weight: 400; font-size: 101%; font-family: &quot;Open Sans&quot;; color: rgb(102, 102, 102);\">Location: Koetz, Germany<\/span><\/p>\n                  <\/div>\n                <\/div>\n                <div data-colibri-id=\"782-c16\" class=\"h-x-container style-1610 style-local-782-c16 position-relative h-element\">\n                  <!---->\n                  <div class=\"h-x-container-inner style-dynamic-782-c16-group style-1610-spacing style-local-782-c16-spacing\"><span class=\"h-button__outer style-1609-outer style-local-782-c17-outer d-inline-flex h-element\"><a h-use-smooth-scroll=\"true\" href=\"https:\/\/wolkenstayn.de\/en\/organetto-quickstart\/\" rel=\"nofollow\" data-colibri-id=\"782-c17\" class=\"d-flex w-100 align-items-center h-button justify-content-lg-center justify-content-md-center justify-content-center style-1609 style-local-782-c17 position-relative\"><!----><!----> <span>Learn More<\/span><\/a>\n                    <\/span><span class=\"h-button__outer style-1609-outer style-local-782-c18-outer d-inline-flex h-element\"><a h-use-smooth-scroll=\"true\" href=\"https:\/\/wolkenstayn.de\/wp-content\/uploads\/2025\/01\/Organetto_Einsteigerkurs_Anmeldung_2025_dt.pdf\" target=\"_blank\" rel=\"nofollow\" data-colibri-id=\"782-c18\" class=\"d-flex w-100 align-items-center h-button justify-content-lg-center justify-content-md-center justify-content-center style-1609 style-local-782-c18 position-relative\"><!----><!----> <span>Anmeldung (PDF)<\/span><\/a>\n                    <\/span>\n                  <\/div>\n                <\/div>\n              <\/div>\n            <\/div>\n          <\/div>\n          <div class=\"h-column h-column-container d-flex h-col-lg-auto h-col-md-auto h-col-auto style-935-outer style-local-782-c19-outer\">\n            <div data-colibri-id=\"782-c19\" class=\"d-flex h-flex-basis h-column__inner h-px-lg-0 h-px-md-0 h-px-2 v-inner-lg-0 v-inner-md-0 v-inner-2 style-935 style-local-782-c19 position-relative\">\n              <!---->\n              <!---->\n              <div class=\"w-100 h-y-container h-column__content h-column__v-align flex-basis-100 align-self-lg-start align-self-md-start align-self-start\">\n                <!---->\n                <div data-colibri-id=\"782-c20\" class=\"h-global-transition-all h-heading style-948 style-local-782-c20 position-relative h-element\">\n                  <!---->\n                  <div class=\"h-heading__outer style-948 style-local-782-c20\">\n                    <!---->\n                    <!---->\n                    <h6 class=\"\">May<\/h6>\n                  <\/div>\n                <\/div>\n                <div data-colibri-id=\"782-c21\" class=\"h-global-transition-all h-heading style-937 style-local-782-c21 position-relative h-element\">\n                  <!---->\n                  <div class=\"h-heading__outer style-937 style-local-782-c21\">\n                    <!---->\n                    <!---->\n                    <h4 class=\"\">&#8222;Tage Alter Musik Regensburg&#8220; <\/h4>\n                  <\/div>\n                <\/div>\n                <div data-colibri-id=\"782-c22\" class=\"h-text h-text-component style-938 style-local-782-c22 position-relative h-element\">\n                  <!---->\n                  <!---->\n                  <div class=\"\">\n                    <p>Int. Music Instrument Exhibition, Concerts<\/p>\n                  <\/div>\n                <\/div>\n                <div data-colibri-id=\"782-c23\" class=\"h-text h-text-component style-938 style-local-782-c23 position-relative h-element\">\n                  <!---->\n                  <!---->\n                  <div class=\"\">\n                    <p><span style=\"font-size: 101%;\">Location: Regensburg, Germany<\/span><\/p>\n                  <\/div>\n                <\/div>\n                <div data-colibri-id=\"782-c24\" class=\"h-x-container style-1608 style-local-782-c24 position-relative h-element\">\n                  <!---->\n                  <div class=\"h-x-container-inner style-dynamic-782-c24-group style-1608-spacing style-local-782-c24-spacing\"><span class=\"h-button__outer style-1609-outer style-local-782-c25-outer d-inline-flex h-element\"><a h-use-smooth-scroll=\"true\" href=\"https:\/\/www.tagealtermusik-regensburg.de\/\" target=\"_blank\" rel=\"nofollow noopener\" data-colibri-id=\"782-c25\" class=\"d-flex w-100 align-items-center h-button justify-content-lg-center justify-content-md-center justify-content-center style-1609 style-local-782-c25 position-relative\"><!----><!----> <span>Learn More<\/span><\/a>\n                    <\/span>\n                  <\/div>\n                <\/div>\n              <\/div>\n            <\/div>\n          <\/div>\n          <div class=\"h-column h-column-container d-flex h-col-lg-auto h-col-md-auto h-col-auto style-935-outer style-local-782-c26-outer\">\n            <div data-colibri-id=\"782-c26\" class=\"d-flex h-flex-basis h-column__inner h-px-lg-0 h-px-md-0 h-px-2 v-inner-lg-0 v-inner-md-0 v-inner-2 style-935 style-local-782-c26 position-relative\">\n              <!---->\n              <!---->\n              <div class=\"w-100 h-y-container h-column__content h-column__v-align flex-basis-100 align-self-lg-start align-self-md-start align-self-start\">\n                <!---->\n                <div data-colibri-id=\"782-c27\" class=\"h-global-transition-all h-heading style-948 style-local-782-c27 position-relative h-element\">\n                  <!---->\n                  <div class=\"h-heading__outer style-948 style-local-782-c27\">\n                    <!---->\n                    <!---->\n                    <h6 class=\"\">August\/September<\/h6>\n                  <\/div>\n                <\/div>\n                <div data-colibri-id=\"782-c28\" class=\"h-global-transition-all h-heading style-937 style-local-782-c28 position-relative h-element\">\n                  <!---->\n                  <div class=\"h-heading__outer style-937 style-local-782-c28\">\n                    <!---->\n                    <!---->\n                    <h4 class=\"\">&#8222;Oude Muziek Festival&#8220; Utrecht <\/h4>\n                  <\/div>\n                <\/div>\n                <div data-colibri-id=\"782-c29\" class=\"h-text h-text-component style-938 style-local-782-c29 position-relative h-element\">\n                  <!---->\n                  <!---->\n                  <div class=\"\">\n                    <p>Int. Music Instrument Exhibition <\/p>\n                  <\/div>\n                <\/div>\n                <div data-colibri-id=\"782-c30\" class=\"h-text h-text-component style-938 style-local-782-c30 position-relative h-element\">\n                  <!---->\n                  <!---->\n                  <div class=\"\">\n                    <p><span style=\"font-size: 101%;\">Location: Utrecht, The Netherlands<\/span><\/p>\n                  <\/div>\n                <\/div>\n                <div data-colibri-id=\"782-c31\" class=\"h-x-container style-1608 style-local-782-c31 position-relative h-element\">\n                  <!---->\n                  <div class=\"h-x-container-inner style-dynamic-782-c31-group style-1608-spacing style-local-782-c31-spacing\"><span class=\"h-button__outer style-1609-outer style-local-782-c32-outer d-inline-flex h-element\"><a h-use-smooth-scroll=\"true\" href=\"https:\/\/oudemuziek.nl\/festival\/\" target=\"_blank\" rel=\"nofollow noopener\" data-colibri-id=\"782-c32\" class=\"d-flex w-100 align-items-center h-button justify-content-lg-center justify-content-md-center justify-content-center style-1609 style-local-782-c32 position-relative\"><!----><!----> <span>Learn More<\/span><\/a>\n                    <\/span>\n                  <\/div>\n                <\/div>\n              <\/div>\n            <\/div>\n          <\/div>\n        <\/div>\n      <\/div>\n    <\/div>\n  <\/div>\n<\/div>","protected":false},"excerpt":{"rendered":"<p>Kurse, Konzerte &amp; Ausstellungen Nachfolgend eine kleine Auswahl von interessanten Kursen, Ausstellungen und Veranstaltungen, bei denen es um traditionelle und fr\u00fche Musik geht: Im Rahmen der jeweiligen Instrumentenausstellungen kann man unsere Instrumente vor Ort unverbindlich ausprobieren. Februar\/M\u00e4rz Schw\u00e4bisch Haller Sackpfeifertage Musikinstrumentenausstellung Standort: D-Schw\u00e4bisch Hall mehr erfahren M\u00e4rz &amp; November &#8222;Organetto QuickStart&#8220; Organetto-\/Portativspielkurs f\u00fcr Einsteiger &amp; [&hellip;]<\/p>\n","protected":false},"author":1,"featured_media":0,"parent":0,"menu_order":0,"comment_status":"closed","ping_status":"closed","template":"page-templates\/full-width-page.php","meta":{"footnotes":""},"class_list":["post-782","page","type-page","status-publish","hentry"],"_links":{"self":[{"href":"https:\/\/wolkenstayn.de\/en\/wp-json\/wp\/v2\/pages\/782","targetHints":{"allow":["GET"]}}],"collection":[{"href":"https:\/\/wolkenstayn.de\/en\/wp-json\/wp\/v2\/pages"}],"about":[{"href":"https:\/\/wolkenstayn.de\/en\/wp-json\/wp\/v2\/types\/page"}],"author":[{"embeddable":true,"href":"https:\/\/wolkenstayn.de\/en\/wp-json\/wp\/v2\/users\/1"}],"replies":[{"embeddable":true,"href":"https:\/\/wolkenstayn.de\/en\/wp-json\/wp\/v2\/comments?post=782"}],"version-history":[{"count":0,"href":"https:\/\/wolkenstayn.de\/en\/wp-json\/wp\/v2\/pages\/782\/revisions"}],"wp:attachment":[{"href":"https:\/\/wolkenstayn.de\/en\/wp-json\/wp\/v2\/media?parent=782"}],"curies":[{"name":"wp","href":"https:\/\/api.w.org\/{rel}","templated":true}]}}