{"id":7172,"date":"2024-10-16T14:59:01","date_gmt":"2024-10-16T13:59:01","guid":{"rendered":"https:\/\/wolkenstaynstaging.local\/?page_id=7172"},"modified":"2025-12-01T19:18:38","modified_gmt":"2025-12-01T18:18:38","slug":"organetto-quickstart","status":"publish","type":"page","link":"https:\/\/wolkenstayn.de\/en\/organetto-quickstart\/","title":{"rendered":"Organetto QuickStart"},"content":{"rendered":"<div data-colibri-id=\"7172-c1\" class=\"style-653 style-local-7172-c1 position-relative\">\n  <!---->\n  <div data-colibri-component=\"section\" data-colibri-id=\"7172-c2\" id=\"termine\" class=\"h-section h-section-global-spacing d-flex align-items-lg-center align-items-md-center align-items-center style-2419 style-local-7172-c2 position-relative\">\n    <!---->\n    <!---->\n    <div class=\"h-section-grid-container h-section-boxed-container\">\n      <!---->\n      <div data-colibri-id=\"7172-c3\" class=\"h-row-container gutters-row-lg-2 gutters-row-md-2 gutters-row-2 gutters-row-v-lg-2 gutters-row-v-md-2 gutters-row-v-2 style-2426 style-local-7172-c3 position-relative\">\n        <!---->\n        <div class=\"h-row justify-content-lg-center justify-content-md-center justify-content-center align-items-lg-stretch align-items-md-stretch align-items-stretch gutters-col-lg-2 gutters-col-md-2 gutters-col-2 gutters-col-v-lg-2 gutters-col-v-md-2 gutters-col-v-2\">\n          <!---->\n          <div class=\"h-column h-column-container d-flex h-col-lg-auto h-col-md-auto h-col-auto style-2421-outer style-local-7172-c4-outer\">\n            <div data-colibri-id=\"7172-c4\" class=\"d-flex h-flex-basis h-column__inner h-px-lg-2 h-px-md-2 h-px-2 v-inner-lg-2 v-inner-md-2 v-inner-2 style-2421 style-local-7172-c4 position-relative\">\n              <!---->\n              <!---->\n              <div class=\"w-100 h-y-container h-column__content h-column__v-align flex-basis-100 align-self-lg-start align-self-md-start align-self-start\">\n                <!---->\n                <div data-colibri-id=\"7172-c5\" class=\"h-global-transition-all h-heading style-2422 style-local-7172-c5 position-relative h-element\">\n                  <!---->\n                  <div class=\"h-heading__outer style-2422 style-local-7172-c5\">\n                    <!---->\n                    <!---->\n                    <h4 class=\"\">Organetto-\/Portativorgel Einsteiger-Schnellkurs<\/h4>\n                  <\/div>\n                <\/div>\n                <div data-colibri-id=\"7172-c6\" class=\"h-text h-text-component style-2423 style-local-7172-c6 position-relative h-element\">\n                  <!---->\n                  <!---->\n                  <div class=\"\">\n                    <p>N\u00e4chste Termine:\n                      <br> <strong><br> Samstag, 14. M\u00e4rz 2026<br> Samstag, 07. November 2026&nbsp;<br> Samstag, 13. M\u00e4rz 2027<br> Samstag, 06. November 2027<br> Samstag, 18. M\u00e4rz 2028<br> Samstag, 04. November 2028<\/strong><\/p>\n                    <p>\n                      <br>\n                    <\/p>\n                    <p><strong style=\"color: rgb(0, 0, 0);\">jeweils 10:30 Uhr bis 13:00<\/strong><\/p>\n                    <p><span style=\"font-family: &quot;Open Sans&quot;; font-size: 101%; font-weight: 400; color: rgb(18, 18, 18);\"> <\/span><\/p>\n                  <\/div>\n                <\/div>\n                <div data-colibri-id=\"7172-c7\" class=\"h-text h-text-component style-2423 style-local-7172-c7 position-relative h-element\">\n                  <!---->\n                  <!---->\n                  <div class=\"\">\n                    <p>Das <strong>Organetto<\/strong> oder <strong>Portativ<\/strong> ist eines der h\u00e4ufigsten Instrumente der mittelalterlichen Ikonographie. Die \u00c4sthetik und der bezaubernde Klang der kleinen mittelalterlichen Orgeln erfreut sich heute wieder\n                      gro\u00dfer Beliebtheit. Dieser Kurs bietet f\u00fcr Einsteiger oder auf anderen Instrumenten schon fortgeschrittene Musiker und S\u00e4nger einen ersten Einblick in die M\u00f6glichkeiten dieses faszinierenden Instruments. Der Kurs wendet sich an alle,\n                      die ein nicht allt\u00e4gliches Instrument&nbsp;neu kennenlernen oder ihre vorhandenen Kenntnisse auf spannende Weise erweitern m\u00f6chten.<\/p>\n                  <\/div>\n                <\/div>\n              <\/div>\n            <\/div>\n          <\/div>\n          <div class=\"h-column h-column-container d-flex h-col-lg-auto h-col-md-auto h-col-auto style-2445-outer style-local-7172-c8-outer\">\n            <div data-colibri-id=\"7172-c8\" class=\"d-flex h-flex-basis h-column__inner h-px-lg-2 h-px-md-2 h-px-2 v-inner-lg-2 v-inner-md-2 v-inner-2 style-2445 style-local-7172-c8 position-relative\">\n              <!---->\n              <!---->\n              <div class=\"w-100 h-y-container h-column__content h-column__v-align flex-basis-100 align-self-lg-start align-self-md-start align-self-start\">\n                <!---->\n                <div data-colibri-id=\"7172-c9\" class=\"d-block style-2454 style-local-7172-c9 position-relative h-element\">\n                  <!---->\n                  <div class=\"h-image__frame-container-outer\">\n                    <div class=\"h-image__frame-container\">\n                      <!---->\n                      <!---->\n                      <img loading=\"lazy\" decoding=\"async\" width=\"571\" height=\"480\" src=\"https:\/\/wolkenstayn.de\/wp-content\/uploads\/2024\/10\/OrganettoQuickstart_Wolkenstayn.jpeg\" class=\"wp-image-7328 style-2454-image style-local-7172-c9-image\" alt=\"Organetto Portativorgel Einsteigerkurs\" title=\"\" srcset=\"https:\/\/wolkenstayn.de\/wp-content\/uploads\/2024\/10\/OrganettoQuickstart_Wolkenstayn.jpeg 571w, https:\/\/wolkenstayn.de\/wp-content\/uploads\/2024\/10\/OrganettoQuickstart_Wolkenstayn-300x252.jpeg 300w, https:\/\/wolkenstayn.de\/wp-content\/uploads\/2024\/10\/OrganettoQuickstart_Wolkenstayn-14x12.jpeg 14w\" sizes=\"auto, (max-width: 571px) 100vw, 571px\" \/>\n                      <div class=\"h-image__frame h-hide-lg h-hide-md h-hide-sm style-2454-frameImage style-local-7172-c9-frameImage\"><\/div>\n                    <\/div>\n                  <\/div>\n                <\/div>\n              <\/div>\n            <\/div>\n          <\/div>\n        <\/div>\n      <\/div>\n    <\/div>\n  <\/div>\n  <div data-colibri-component=\"section\" data-colibri-id=\"7172-c10\" id=\"intro\" class=\"h-section h-section-global-spacing d-flex align-items-lg-center align-items-md-center align-items-center style-2450 style-local-7172-c10 position-relative\">\n    <!---->\n    <!---->\n    <div class=\"h-section-grid-container h-section-boxed-container\">\n      <!---->\n      <div data-colibri-id=\"7172-c11\" class=\"h-row-container gutters-row-lg-2 gutters-row-md-2 gutters-row-2 gutters-row-v-lg-2 gutters-row-v-md-2 gutters-row-v-2 style-2426 style-local-7172-c11 position-relative\">\n        <!---->\n        <div class=\"h-row justify-content-lg-center justify-content-md-center justify-content-center align-items-lg-stretch align-items-md-stretch align-items-stretch gutters-col-lg-2 gutters-col-md-2 gutters-col-2 gutters-col-v-lg-2 gutters-col-v-md-2 gutters-col-v-2\">\n          <!---->\n          <div class=\"h-column h-column-container d-flex h-col-lg-auto h-col-md-auto h-col-auto style-2421-outer style-local-7172-c12-outer\">\n            <div data-colibri-id=\"7172-c12\" class=\"d-flex h-flex-basis h-column__inner h-px-lg-2 h-px-md-2 h-px-2 v-inner-lg-2 v-inner-md-2 v-inner-2 style-2421 style-local-7172-c12 position-relative\">\n              <!---->\n              <!---->\n              <div class=\"w-100 h-y-container h-column__content h-column__v-align flex-basis-100 align-self-lg-start align-self-md-start align-self-start\">\n                <!---->\n                <div data-colibri-id=\"7172-c13\" class=\"h-global-transition-all h-heading style-2422 style-local-7172-c13 position-relative h-element\">\n                  <!---->\n                  <div class=\"h-heading__outer style-2422 style-local-7172-c13\">\n                    <!---->\n                    <!---->\n                    <h4 class=\"\">Schnellkurs f\u00fcr Einsteiger und Einsteigerinnen,<\/h4>\n                  <\/div>\n                <\/div>\n                <div data-colibri-id=\"7172-c14\" class=\"h-text h-text-component style-2423 style-local-7172-c14 position-relative h-element\">\n                  <!---->\n                  <!---->\n                  <div class=\"\">\n                    <p>auch ohne jedwede musikalische Vorkenntnisse, die sich ganz individuell auf Ihrer jeweiligen unterschiedlichen Basis einfach einmal an der Portativorgel versuchen wollen; Sie lernen Grundlagen wie Haltung, Balgtechnik und Artikulation\n                      anhand sch\u00f6ner, einfach erlernbarer Melodien; auch Wissenswertes rund um die kleinen \u00d6rgelchen, wie Recherche, Bau und Intonation soll nat\u00fcrlich nicht zu kurz kommen. Leihinstrumente stehen in begrenzter Anzahl zur Verf\u00fcgung. Wir\n                      versuchen uns an St\u00fccken des Mittelalters, h\u00f6ren dabei etwas aus den Cantigas de Santa Maria, dem Llibre Vermell, vielleicht auch aus dem Codex Calixtinus und anderen sch\u00f6nen Quellen; und wir lernen dabei ganz spielerisch nat\u00fcrlich\n                      das Wichtigste: Freude am gemeinsamen Musizieren!<\/p>\n                    <p>Dozent: Stefan Keppler<\/p>\n                  <\/div>\n                <\/div>\n              <\/div>\n            <\/div>\n          <\/div>\n        <\/div>\n      <\/div>\n    <\/div>\n  <\/div>\n  <div data-colibri-component=\"section\" data-colibri-id=\"7172-c15\" id=\"ort\" class=\"h-section h-section-global-spacing d-flex align-items-lg-center align-items-md-center align-items-center style-2451 style-local-7172-c15 position-relative\">\n    <!---->\n    <!---->\n    <div class=\"h-section-grid-container h-section-boxed-container\">\n      <!---->\n      <div data-colibri-id=\"7172-c16\" class=\"h-row-container gutters-row-lg-2 gutters-row-md-2 gutters-row-2 gutters-row-v-lg-2 gutters-row-v-md-2 gutters-row-v-2 style-2426 style-local-7172-c16 position-relative\">\n        <!---->\n        <div class=\"h-row justify-content-lg-center justify-content-md-center justify-content-center align-items-lg-stretch align-items-md-stretch align-items-stretch gutters-col-lg-2 gutters-col-md-2 gutters-col-2 gutters-col-v-lg-2 gutters-col-v-md-2 gutters-col-v-2\">\n          <!---->\n          <div class=\"h-column h-column-container d-flex h-col-lg-auto h-col-md-auto h-col-auto style-2421-outer style-local-7172-c17-outer\">\n            <div data-colibri-id=\"7172-c17\" class=\"d-flex h-flex-basis h-column__inner h-px-lg-2 h-px-md-2 h-px-2 v-inner-lg-2 v-inner-md-2 v-inner-2 style-2421 style-local-7172-c17 position-relative\">\n              <!---->\n              <!---->\n              <div class=\"w-100 h-y-container h-column__content h-column__v-align flex-basis-100 align-self-lg-start align-self-md-start align-self-start\">\n                <!---->\n                <div data-colibri-id=\"7172-c18\" class=\"h-global-transition-all h-heading style-2422 style-local-7172-c18 position-relative h-element\">\n                  <!---->\n                  <div class=\"h-heading__outer style-2422 style-local-7172-c18\">\n                    <!---->\n                    <!---->\n                    <h4 class=\"\">Kursort &amp; Zeiten, \u00dcbernachtungsoption:<\/h4>\n                  <\/div>\n                <\/div>\n                <div data-colibri-id=\"7172-c19\" class=\"h-row-container gutters-row-lg-0 gutters-row-md-0 gutters-row-0 gutters-row-v-lg-0 gutters-row-v-md-0 gutters-row-v-0 style-2514 style-local-7172-c19 position-relative\">\n                  <!---->\n                  <div class=\"h-row justify-content-lg-center justify-content-md-center justify-content-center align-items-lg-stretch align-items-md-stretch align-items-stretch gutters-col-lg-0 gutters-col-md-0 gutters-col-0 gutters-col-v-lg-0 gutters-col-v-md-0 gutters-col-v-0\">\n                    <!---->\n                    <div class=\"h-column h-column-container d-flex h-col-lg-auto h-col-md-auto h-col-auto style-2515-outer style-local-7172-c20-outer\">\n                      <div data-colibri-id=\"7172-c20\" class=\"d-flex h-flex-basis h-column__inner h-px-lg-0 h-px-md-0 h-px-0 v-inner-lg-0 v-inner-md-0 v-inner-0 style-2515 style-local-7172-c20 position-relative\">\n                        <!---->\n                        <!---->\n                        <div class=\"w-100 h-y-container h-column__content h-column__v-align flex-basis-100 align-self-lg-start align-self-md-start align-self-start\">\n                          <!---->\n                          <div data-colibri-id=\"7172-c21\" class=\"h-text h-text-component style-2423 style-local-7172-c21 position-relative h-element\">\n                            <!---->\n                            <!---->\n                            <div class=\"\">\n                              <p>Der Kurs findet statt hier im gro\u00dfz\u00fcgigen und hellen Ausstellungsraum unserer Werkstatt; verkehrsg\u00fcnstig zu erreichen an der Autobahn A8, zwischen Augsburg und Ulm. Bahnhof \u201eG\u00fcnzburg\u201c (auch ICE), wir holen Sie gerne ab.<\/p>\n                              <p>Von-Riedheim-Weg 1\n                                <br>D-89359 K\u00f6tz<\/p>\n                              <p>Es gibt Kaffee\/Tee (im Preis inbegriffen).<\/p>\n                              <p>Wenn Sie bereits am Freitag anreisen m\u00f6chten und\/oder bis Sonntag bleiben m\u00f6chten, besteht die M\u00f6glichkeit, selbst in der N\u00e4he auf eigene Kosten eine g\u00fcnstige \u00dcbernachtungsm\u00f6glichkeit zu buchen. Wir stellen bei Bedarf gerne\n                                den Kontakt her.<\/p>\n                              <p>z.B.<\/p>\n                              <p>Brauereigasthof Autenried&nbsp;\n                                <a href=\"http:\/\/www.brauereigasthof-autenried.de\" rel=\"nofollow noopener\" target=\"_blank\" style=\"color: rgb(0, 102, 204); font-size: 1em; font-weight: 400; font-family: &quot;Open Sans&quot;;\" class=\"customize-unpreviewable\">www.brauereigasthof-autenried.de<\/a>\n                                <br>Landgasthof Waldvogel&nbsp;\n                                <a href=\"http:\/\/www.wald-vogel.de\" rel=\"nofollow noopener\" target=\"_blank\" style=\"color: rgb(0, 102, 204); font-size: 1em; font-weight: 400; font-family: &quot;Open Sans&quot;;\" class=\"customize-unpreviewable\">www.wald-vogel.de<\/a>\n                                <br>\n                              <\/p>\n                            <\/div>\n                          <\/div>\n                        <\/div>\n                      <\/div>\n                    <\/div>\n                    <div class=\"h-column h-column-container d-flex h-col-lg-auto h-col-md-auto h-col-auto style-2519-outer style-local-7172-c22-outer\">\n                      <div data-colibri-id=\"7172-c22\" class=\"d-flex h-flex-basis h-column__inner h-ui-empty-state-container h-px-lg-0 h-px-md-0 h-px-0 v-inner-lg-0 v-inner-md-0 v-inner-0 style-2519 style-local-7172-c22 position-relative\">\n                        <!---->\n                        <!---->\n                        <div class=\"w-100 h-y-container h-column__content h-column__v-align flex-basis-100\">\n                          <!---->\n                        <\/div>\n                      <\/div>\n                    <\/div>\n                    <div class=\"h-column h-column-container d-flex h-col-lg-auto h-col-md-auto h-col-auto style-2516-outer style-local-7172-c23-outer\">\n                      <div data-colibri-id=\"7172-c23\" class=\"d-flex h-flex-basis h-column__inner h-px-lg-0 h-px-md-0 h-px-0 v-inner-lg-0 v-inner-md-0 v-inner-0 style-2516 style-local-7172-c23 position-relative\">\n                        <!---->\n                        <!---->\n                        <div class=\"w-100 h-y-container h-column__content h-column__v-align flex-basis-100 align-self-lg-start align-self-md-start align-self-start\">\n                          <!---->\n                          <div data-colibri-id=\"7172-c24\" class=\"h-text h-text-component style-2423 style-local-7172-c24 position-relative h-element\">\n                            <!---->\n                            <!---->\n                            <div class=\"\">\n                              <p>N\u00e4chste Termine:<\/p>\n                              <p>\n                                <br>\n                              <\/p>\n                              <p><strong style=\"font-weight: 700;\">Samstag, 14. M\u00e4rz 2026<\/strong><\/p>\n                              <p><strong style=\"font-weight: 700;\">Samstag, 07. November 2026<\/strong><\/p>\n                              <p><strong style=\"font-weight: 700;\">Samstag, 13. M\u00e4rz 2027<\/strong><\/p>\n                              <p><strong style=\"font-weight: 700;\">Samstag, 06. November 2027<\/strong><\/p>\n                              <p><strong style=\"font-weight: 700;\">Samstag, 18. M\u00e4rz 2028<\/strong><\/p>\n                              <p><strong style=\"font-weight: 700;\">Samstag, 04. November 2028<\/strong><\/p>\n                              <p>\n                                <br>\n                              <\/p>\n                              <p><strong style=\"color: rgb(0, 0, 0); font-weight: 700;\">jeweils 10:30 Uhr bis 13:00<\/strong><\/p>\n                              <p>\n                                <br>\n                              <\/p>\n                            <\/div>\n                          <\/div>\n                        <\/div>\n                      <\/div>\n                    <\/div>\n                  <\/div>\n                <\/div>\n              <\/div>\n            <\/div>\n          <\/div>\n        <\/div>\n      <\/div>\n    <\/div>\n  <\/div>\n  <div data-colibri-component=\"section\" data-colibri-id=\"7172-c25\" id=\"anmeldung\" class=\"h-section h-section-global-spacing d-flex align-items-lg-center align-items-md-center align-items-center style-2452 style-local-7172-c25 position-relative\">\n    <!---->\n    <!---->\n    <div class=\"h-section-grid-container h-section-boxed-container\">\n      <!---->\n      <div data-colibri-id=\"7172-c26\" class=\"h-row-container gutters-row-lg-2 gutters-row-md-2 gutters-row-2 gutters-row-v-lg-2 gutters-row-v-md-2 gutters-row-v-2 style-2420 style-local-7172-c26 position-relative\">\n        <!---->\n        <div class=\"h-row justify-content-lg-center justify-content-md-center justify-content-center align-items-lg-stretch align-items-md-stretch align-items-stretch gutters-col-lg-2 gutters-col-md-2 gutters-col-2 gutters-col-v-lg-2 gutters-col-v-md-2 gutters-col-v-2\">\n          <!---->\n          <div class=\"h-column h-column-container d-flex h-col-lg-auto h-col-md-auto h-col-auto style-2421-outer style-local-7172-c27-outer\">\n            <div data-colibri-id=\"7172-c27\" class=\"d-flex h-flex-basis h-column__inner h-px-lg-2 h-px-md-2 h-px-2 v-inner-lg-2 v-inner-md-2 v-inner-2 style-2421 style-local-7172-c27 position-relative\">\n              <!---->\n              <!---->\n              <div class=\"w-100 h-y-container h-column__content h-column__v-align flex-basis-100 align-self-lg-start align-self-md-start align-self-start\">\n                <!---->\n                <div data-colibri-id=\"7172-c28\" class=\"h-global-transition-all h-heading style-2422 style-local-7172-c28 position-relative h-element\">\n                  <!---->\n                  <div class=\"h-heading__outer style-2422 style-local-7172-c28\">\n                    <!---->\n                    <!---->\n                    <h4 class=\"\">Anmeldeinfos &amp; Anmeldung<\/h4>\n                  <\/div>\n                <\/div>\n                <div data-colibri-id=\"7172-c29\" class=\"h-x-container style-2447 style-local-7172-c29 position-relative h-element\">\n                  <!---->\n                  <div class=\"h-x-container-inner style-dynamic-7172-c29-group style-2447-spacing style-local-7172-c29-spacing\"><span class=\"h-button__outer style-2449-outer style-local-7172-c30-outer d-inline-flex h-element\"><a h-use-smooth-scroll=\"true\" href=\"https:\/\/wolkenstayn.de\/wp-content\/uploads\/2025\/12\/Organetto_Einsteigerkurs_Anmeldung_2026_dt.pdf\" target=\"_blank\" data-colibri-id=\"7172-c30\" class=\"d-flex w-100 align-items-center h-button justify-content-lg-center justify-content-md-center justify-content-center style-2449 style-local-7172-c30 position-relative\"><!----><!----> <span>Anmeldung (PDF)<\/span><\/a>\n                    <\/span>\n                  <\/div>\n                <\/div>\n                <div data-colibri-id=\"7172-c31\" class=\"h-text h-text-component style-2423 style-local-7172-c31 position-relative h-element\">\n                  <!---->\n                  <!---->\n                  <div class=\"\">\n                    <p><strong>Die Kosten betragen 99,- Euro, incl. Leihinstrument.&nbsp;<\/strong>Bitte melden Sie sich an bis sp\u00e4testens 14 Tage vor dem jeweiligen Kurstag. Begrenztes Platzkontingent!<\/p>\n                    <p>Das Anmeldeformular bitte per Mail oder Post an:<\/p>\n                    <p>Wolkenstayn Orgelbau\n                      <br>Stefan Keppler, Von-Riedheim-Weg 1, D-89359 K\u00f6tz, spielkurs@wolkenstayn.de<\/p>\n                    <p>Sollte der Kurs belegt sein, erhalten Sie umgehend Nachricht. Anmeldebest\u00e4tigungen versenden wir rechtzeitig vor Kursbeginn mit Infos zur Anreise.<\/p>\n                    <p><strong>Die Anmeldung wird g\u00fcltig mit \u00dcberweisung der Kursgeb\u00fchren: Sie erhalten dazu auf Ihre Anmeldung hin umgehend eine Rechnung mit unseren Kontodaten.<\/strong><\/p>\n                  <\/div>\n                <\/div>\n              <\/div>\n            <\/div>\n          <\/div>\n        <\/div>\n      <\/div>\n    <\/div>\n  <\/div>\n  <div data-colibri-component=\"section\" data-colibri-id=\"7172-c32\" id=\"ruecktritt-2\" class=\"h-section h-section-global-spacing d-flex align-items-lg-center align-items-md-center align-items-center style-2453 style-local-7172-c32 position-relative\">\n    <!---->\n    <!---->\n    <div class=\"h-section-grid-container h-section-boxed-container\">\n      <!---->\n      <div data-colibri-id=\"7172-c33\" class=\"h-row-container gutters-row-lg-2 gutters-row-md-2 gutters-row-2 gutters-row-v-lg-2 gutters-row-v-md-2 gutters-row-v-2 style-2420 style-local-7172-c33 position-relative\">\n        <!---->\n        <div class=\"h-row justify-content-lg-center justify-content-md-center justify-content-center align-items-lg-stretch align-items-md-stretch align-items-stretch gutters-col-lg-2 gutters-col-md-2 gutters-col-2 gutters-col-v-lg-2 gutters-col-v-md-2 gutters-col-v-2\">\n          <!---->\n          <div class=\"h-column h-column-container d-flex h-col-lg-auto h-col-md-auto h-col-auto style-2421-outer style-local-7172-c34-outer\">\n            <div data-colibri-id=\"7172-c34\" class=\"d-flex h-flex-basis h-column__inner h-px-lg-2 h-px-md-2 h-px-2 v-inner-lg-2 v-inner-md-2 v-inner-2 style-2421 style-local-7172-c34 position-relative\">\n              <!---->\n              <!---->\n              <div class=\"w-100 h-y-container h-column__content h-column__v-align flex-basis-100 align-self-lg-start align-self-md-start align-self-start\">\n                <!---->\n                <div data-colibri-id=\"7172-c35\" class=\"h-global-transition-all h-heading style-2422 style-local-7172-c35 position-relative h-element\">\n                  <!---->\n                  <div class=\"h-heading__outer style-2422 style-local-7172-c35\">\n                    <!---->\n                    <!---->\n                    <h4 class=\"\">R\u00fccktrittsregelung:<\/h4>\n                  <\/div>\n                <\/div>\n                <div data-colibri-id=\"7172-c36\" class=\"h-text h-text-component style-2423 style-local-7172-c36 position-relative h-element\">\n                  <!---->\n                  <!---->\n                  <div class=\"\">\n                    <p>Bei Ihrer Absage nach dem 10. Tag vor dem Kurs wird die Kursgeb\u00fchr einbehalten, es sei denn, es kann ein Nachr\u00fccker gefunden werden. Der Abschluss einer Reise- bzw. Seminarr\u00fccktrittversicherung wird ausdr\u00fccklich empfohlen.<\/p>\n                    <p><strong>R\u00fccktritt \/ Stornierung der Anmeldung durch den Veranstalter<\/strong><\/p>\n                    <p>Der Veranstalter beh\u00e4lt sich das Recht vor, den Kurs ganz oder teilweise abzusagen, sowie den Ablauf und die Kursinhalte zu ver\u00e4ndern. Insbesondere bei h\u00f6herer Gewalt (z.B. auch wegen COVID-19), Krankheit der Referenten oder zu geringer\n                      Anmeldezahl. Muss der Kurs aus vorgenannten Gr\u00fcnden vom Veranstalter abgesagt werden, werden die bereits entrichteten Geb\u00fchren in voller H\u00f6he erstattet. Weitere Anspr\u00fcche bestehen gegen\u00fcber dem Veranstalter nicht und k\u00f6nnen auch\n                      nicht geltend gemacht werden (Haftungsausschlu\u00df).<\/p>\n                    <p><strong>Datenweitergabe \/ Bildmaterial \/ Datenspeicherung:<\/strong><\/p>\n                    <p>Die mit der Anmeldung abgegebenen Daten werden von uns gespeichert und ausschlie\u00dflich f\u00fcr notwendige Zwecke zur Organisation dieses Kurses verwendet. Die Daten werden nicht an Dritte weitergegeben.<\/p>\n                    <p><strong>Mit Ihrer Anmeldung erkennen Sie die vorgenannten Bedingungen ausdr\u00fccklich an.<\/strong><\/p>\n                  <\/div>\n                <\/div>\n              <\/div>\n            <\/div>\n          <\/div>\n        <\/div>\n      <\/div>\n    <\/div>\n  <\/div>\n<\/div>","protected":false},"excerpt":{"rendered":"<p>Organetto-\/Portativorgel Einsteiger-Schnellkurs N\u00e4chste Termine: Samstag, 14. M\u00e4rz 2026 Samstag, 07. November 2026&nbsp; Samstag, 13. M\u00e4rz 2027 Samstag, 06. November 2027 Samstag, 18. M\u00e4rz 2028 Samstag, 04. November 2028 jeweils 10:30 Uhr bis 13:00 Das Organetto oder Portativ ist eines der h\u00e4ufigsten Instrumente der mittelalterlichen Ikonographie. Die \u00c4sthetik und der bezaubernde Klang der kleinen mittelalterlichen Orgeln [&hellip;]<\/p>\n","protected":false},"author":1,"featured_media":0,"parent":0,"menu_order":0,"comment_status":"closed","ping_status":"closed","template":"page-templates\/full-width-page.php","meta":{"footnotes":""},"class_list":["post-7172","page","type-page","status-publish","hentry"],"_links":{"self":[{"href":"https:\/\/wolkenstayn.de\/en\/wp-json\/wp\/v2\/pages\/7172","targetHints":{"allow":["GET"]}}],"collection":[{"href":"https:\/\/wolkenstayn.de\/en\/wp-json\/wp\/v2\/pages"}],"about":[{"href":"https:\/\/wolkenstayn.de\/en\/wp-json\/wp\/v2\/types\/page"}],"author":[{"embeddable":true,"href":"https:\/\/wolkenstayn.de\/en\/wp-json\/wp\/v2\/users\/1"}],"replies":[{"embeddable":true,"href":"https:\/\/wolkenstayn.de\/en\/wp-json\/wp\/v2\/comments?post=7172"}],"version-history":[{"count":4,"href":"https:\/\/wolkenstayn.de\/en\/wp-json\/wp\/v2\/pages\/7172\/revisions"}],"predecessor-version":[{"id":8584,"href":"https:\/\/wolkenstayn.de\/en\/wp-json\/wp\/v2\/pages\/7172\/revisions\/8584"}],"wp:attachment":[{"href":"https:\/\/wolkenstayn.de\/en\/wp-json\/wp\/v2\/media?parent=7172"}],"curies":[{"name":"wp","href":"https:\/\/api.w.org\/{rel}","templated":true}]}}