{"id":4841,"date":"2024-04-24T20:28:51","date_gmt":"2024-04-24T19:28:51","guid":{"rendered":"https:\/\/wolkenstayn.1vy.de\/?page_id=4841"},"modified":"2026-03-17T07:55:41","modified_gmt":"2026-03-17T06:55:41","slug":"gebrauchte-instrumente","status":"publish","type":"page","link":"https:\/\/wolkenstayn.de\/en\/gebrauchte-instrumente\/","title":{"rendered":"Used instruments"},"content":{"rendered":"<div data-colibri-id=\"4841-c1\" class=\"style-821 style-local-4841-c1 position-relative\">\n  <!---->\n  <div data-colibri-component=\"section\" data-colibri-id=\"4841-c2\" id=\"photo-gallery\" class=\"h-section h-section-global-spacing d-flex align-items-lg-center align-items-md-center align-items-center style-2224 style-local-4841-c2 position-relative\">\n    <!---->\n    <!---->\n    <div class=\"h-section-grid-container h-section-boxed-container\">\n      <!---->\n      <div data-colibri-id=\"4841-c3\" class=\"h-row-container gutters-row-lg-1 gutters-row-md-1 gutters-row-2 gutters-row-v-lg-1 gutters-row-v-md-1 gutters-row-v-2 style-2238 style-local-4841-c3 position-relative\">\n        <!---->\n        <div class=\"h-row justify-content-lg-center justify-content-md-center justify-content-center align-items-lg-stretch align-items-md-stretch align-items-stretch gutters-col-lg-1 gutters-col-md-1 gutters-col-2 gutters-col-v-lg-1 gutters-col-v-md-1 gutters-col-v-2\">\n          <!---->\n          <div class=\"h-column h-column-container d-flex h-col-lg-auto h-col-md-auto h-col-auto style-2226-outer style-local-4841-c4-outer\">\n            <div data-colibri-id=\"4841-c4\" class=\"d-flex h-flex-basis h-column__inner h-px-lg-1 h-px-md-1 h-px-2 v-inner-lg-1 v-inner-md-1 v-inner-2 style-2226 style-local-4841-c4 position-relative\">\n              <!---->\n              <!---->\n              <div class=\"w-100 h-y-container h-column__content h-column__v-align flex-basis-100 align-self-lg-center align-self-md-center align-self-center\">\n                <!---->\n                <div data-colibri-id=\"4841-c5\" class=\"h-lead h-text h-text-component style-2228 style-local-4841-c5 position-relative h-element\">\n                  <!---->\n                  <!---->\n                  <div class=\"\">\n                    <p>Here you will find some exhibition instruments that may be available on short notice, including new ones; unfortunately, the list cannot be complete or always up-to-date. If you are specifically interested, please inquire about the desired model. It is also possible that other versions, such as in different types of wood, may be available on short notice from ongoing production.<\/p>\n                    <p>Every now and then we also receive privately used organetti as well as all kinds of instruments for resale.<\/p>\n                    <p>The sale then usually takes place on commission. The prices stated are final prices, VAT is therefore usually not shown.<\/p>\n                    <p>Enjoy browsing!<\/p>\n                  <\/div>\n                <\/div>\n              <\/div>\n            <\/div>\n          <\/div>\n          <div class=\"h-column h-column-container d-flex h-col-lg-auto h-col-md-auto h-col-auto style-2229-outer style-local-4841-c6-outer\">\n            <div data-colibri-id=\"4841-c6\" class=\"d-flex h-flex-basis h-column__inner h-px-lg-1 h-px-md-1 h-px-1 v-inner-lg-1 v-inner-md-1 v-inner-1 style-2229 style-local-4841-c6 position-relative\">\n              <!---->\n              <!---->\n              <div class=\"w-100 h-y-container h-column__content h-column__v-align flex-basis-100 align-self-lg-center align-self-md-center align-self-center\">\n                <!---->\n                <div data-colibri-component=\"masonry\" data-colibri-id=\"4841-c7\" class=\"h-photo-gallery margin-none caption-none style-2230 style-local-4841-c7 position-relative h-element\">\n                  <!---->\n                  <div class=\"h-global-transition-all\"><div id='colibri-4841-c7' class='gallery-wrapper'>    <style type=\"text\/css\">\n\n        @media (min-width: 1023px) {        #colibri-4841-c7        dl {\n            float: left;\n            width: 100% !important;\n            max-width: 100% !important;\n            min-width: 100% !important;\n        }\n\n        #colibri-4841-c7        dl:nth-of-type(1n +1 ) {\n            clear: both;\n        }\n\n        }@media (min-width: 768px) and (max-width: 1023px) {        #colibri-4841-c7        dl {\n            float: left;\n            width: 100% !important;\n            max-width: 100% !important;\n            min-width: 100% !important;\n        }\n\n        #colibri-4841-c7        dl:nth-of-type(1n +1 ) {\n            clear: both;\n        }\n\n        }@media (max-width: 767px) {        #colibri-4841-c7        dl {\n            float: left;\n            width: 100% !important;\n            max-width: 100% !important;\n            min-width: 100% !important;\n        }\n\n        #colibri-4841-c7        dl:nth-of-type(1n +1 ) {\n            clear: both;\n        }\n\n        }\n        #colibri-4841-c7        .gallery-item {\n            position: relative;\n        }\n\n        \n    <\/style>\n    <div   class='colibri-4841-c7-dls-wrapper gallery-items-wrapper' ><dl class='gallery-item masonry-item'>\n\t\t\t<dt class='gallery-icon portrait'>\n\t\t\t\t<a data-fancybox=\"colibri-4841-c7-group\" href='https:\/\/wolkenstayn.de\/wp-content\/uploads\/2024\/04\/Hildegard.jpg'><img loading=\"lazy\" decoding=\"async\" width=\"200\" height=\"250\" src=\"https:\/\/wolkenstayn.de\/wp-content\/uploads\/2024\/04\/Hildegard.jpg\" class=\"colibri-4841-c7-image\" alt=\"Wolkenstayn\" srcset=\"https:\/\/wolkenstayn.de\/wp-content\/uploads\/2024\/04\/Hildegard.jpg 200w, https:\/\/wolkenstayn.de\/wp-content\/uploads\/2024\/04\/Hildegard-10x12.jpg 10w\" sizes=\"auto, (max-width: 200px) 100vw, 200px\" title=\"\"><\/a>\n\t\t\t<\/dt><\/dl>\n\t\t\t\n\t\t<\/div>\n<style>#colibri-4841-c7 .wp-caption-text.gallery-caption{display:none;}<\/style><\/div><\/div>\n                <\/div>\n              <\/div>\n            <\/div>\n          <\/div>\n        <\/div>\n      <\/div>\n    <\/div>\n  <\/div>\n  <div data-colibri-component=\"section\" data-colibri-id=\"4841-c12\" id=\"photo-gallery\" class=\"h-section h-section-global-spacing d-flex align-items-lg-center align-items-md-center align-items-center style-2224 style-local-4841-c12 position-relative\">\n    <!---->\n    <!---->\n    <div class=\"h-section-grid-container h-section-boxed-container\">\n      <!---->\n      <div data-colibri-id=\"4841-c13\" class=\"h-row-container gutters-row-lg-1 gutters-row-md-1 gutters-row-2 gutters-row-v-lg-1 gutters-row-v-md-1 gutters-row-v-2 style-2225 style-local-4841-c13 position-relative\">\n        <!---->\n        <div class=\"h-row justify-content-lg-center justify-content-md-center justify-content-center align-items-lg-stretch align-items-md-stretch align-items-stretch gutters-col-lg-1 gutters-col-md-1 gutters-col-2 gutters-col-v-lg-1 gutters-col-v-md-1 gutters-col-v-2\">\n          <!---->\n          <div class=\"h-column h-column-container d-flex h-col-lg-auto h-col-md-auto h-col-auto style-2226-outer style-local-4841-c14-outer\">\n            <div data-colibri-id=\"4841-c14\" class=\"d-flex h-flex-basis h-column__inner h-px-lg-1 h-px-md-1 h-px-2 v-inner-lg-1 v-inner-md-1 v-inner-2 style-2226 style-local-4841-c14 position-relative\">\n              <!---->\n              <!---->\n              <div class=\"w-100 h-y-container h-column__content h-column__v-align flex-basis-100 align-self-lg-center align-self-md-center align-self-center\">\n                <!---->\n                <div data-colibri-id=\"4841-c15\" class=\"h-global-transition-all h-heading style-2227 style-local-4841-c15 position-relative h-element\">\n                  <!---->\n                  <div class=\"h-heading__outer style-2227 style-local-4841-c15\">\n                    <!---->\n                    <!---->\n                    <h3 class=\"\">\u201eClavicytherium\u201c \u2013 Exhibition instrument<\/h3>\n                  <\/div>\n                <\/div>\n                <div data-colibri-id=\"4841-c16\" class=\"h-lead h-text h-text-component style-2228 style-local-4841-c16 position-relative h-element\">\n                  <!---->\n                  <!---->\n                  <div class=\"\">\n                    <p>28 Keys Bb-d3<\/p>\n                  <\/div>\n                <\/div>\n              <\/div>\n            <\/div>\n          <\/div>\n          <div class=\"h-column h-column-container d-flex h-col-lg-auto h-col-md-auto h-col-auto style-2226-outer style-local-4841-c17-outer\">\n            <div data-colibri-id=\"4841-c17\" class=\"d-flex h-flex-basis h-column__inner h-px-lg-1 h-px-md-1 h-px-2 v-inner-lg-1 v-inner-md-1 v-inner-2 style-2226 style-local-4841-c17 position-relative\">\n              <!---->\n              <!---->\n              <div class=\"w-100 h-y-container h-column__content h-column__v-align flex-basis-100 align-self-lg-center align-self-md-center align-self-center\">\n                <!---->\n                <div data-colibri-id=\"4841-c18\" class=\"h-global-transition-all h-heading style-2227 style-local-4841-c18 position-relative h-element\">\n                  <!---->\n                  <div class=\"h-heading__outer style-2227 style-local-4841-c18\">\n                    <!---->\n                    <!---->\n                    <h3 class=\"\">Portative Organ \u201eGracia\u201c \u2013 Exhibition instrument<\/h3>\n                  <\/div>\n                <\/div>\n                <div data-colibri-id=\"4841-c19\" class=\"h-lead h-text h-text-component style-2228 style-local-4841-c19 position-relative h-element\">\n                  <!---->\n                  <!---->\n                  <div class=\"\">\n                    <p>20 Metal pipes\n                      <br> g, a \u2013 chromatic \u2013 d2, e2<\/p>\n                    <p>\u2013 Made of cherry wood\n                      <br> \u2013 Brass handles\n                      <br> \u2013 Carrying bag\n                      <br> \u2013 Drone levers<\/p>\n                  <\/div>\n                <\/div>\n              <\/div>\n            <\/div>\n          <\/div>\n          <div class=\"h-column h-column-container d-flex h-col-lg-auto h-col-md-auto h-col-auto style-2226-outer style-local-4841-c20-outer\">\n            <div data-colibri-id=\"4841-c20\" class=\"d-flex h-flex-basis h-column__inner h-px-lg-1 h-px-md-1 h-px-2 v-inner-lg-1 v-inner-md-1 v-inner-2 style-2226 style-local-4841-c20 position-relative\">\n              <!---->\n              <!---->\n              <div class=\"w-100 h-y-container h-column__content h-column__v-align flex-basis-100 align-self-lg-center align-self-md-center align-self-center\">\n                <!---->\n                <div data-colibri-id=\"4841-c21\" class=\"h-global-transition-all h-heading style-2227 style-local-4841-c21 position-relative h-element\">\n                  <!---->\n                  <div class=\"h-heading__outer style-2227 style-local-4841-c21\">\n                    <!---->\n                    <!---->\n                    <h3 class=\"\">Portative Organ \u201eFiala\u201c \u2013 Exhibition instrument<\/h3>\n                  <\/div>\n                <\/div>\n                <div data-colibri-id=\"4841-c22\" class=\"h-lead h-text h-text-component style-2228 style-local-4841-c22 position-relative h-element\">\n                  <!---->\n                  <!---->\n                  <div class=\"\">\n                    <p>21 metal pipes\n                      <br> f \u2013 chromatic \u2013 c2, d2\n                      <br> \u2013 Expandable to low \u201cd\u201d instead of \u201cf\u201d (\u201eShort Octave\u201c)<\/p>\n                    <p>\n                      <br>\n                    <\/p>\n                    <p>\u2013 Metal pipes\n                      <br> \u2013 Made of cherry wood\n                      <br> \u2013 Including drone levers and flightcase <\/p>\n                  <\/div>\n                <\/div>\n              <\/div>\n            <\/div>\n          <\/div>\n        <\/div>\n      <\/div>\n    <\/div>\n  <\/div>\n<\/div>","protected":false},"excerpt":{"rendered":"<p>Hier finden Sie teils kurzfristig verf\u00fcgbare, auch neue Ausstellungsinstrumente; die Liste kann leider weder vollst\u00e4ndig noch stets aktuell sein; bei konkretem Interesse bitten wir um Ihre Anfrage f\u00fcr ein gew\u00fcnschtes Modell, eventuell sind auch andere Ausf\u00fchrungen z.B. in anderen Holzarten relativ kurzfristig aus laufender Fertigung lieferbar. Hin und wieder erhalten wir auch von privat gebrauchte [&hellip;]<\/p>\n","protected":false},"author":1,"featured_media":0,"parent":0,"menu_order":0,"comment_status":"closed","ping_status":"closed","template":"page-templates\/full-width-page.php","meta":{"footnotes":""},"class_list":["post-4841","page","type-page","status-publish","hentry"],"_links":{"self":[{"href":"https:\/\/wolkenstayn.de\/en\/wp-json\/wp\/v2\/pages\/4841","targetHints":{"allow":["GET"]}}],"collection":[{"href":"https:\/\/wolkenstayn.de\/en\/wp-json\/wp\/v2\/pages"}],"about":[{"href":"https:\/\/wolkenstayn.de\/en\/wp-json\/wp\/v2\/types\/page"}],"author":[{"embeddable":true,"href":"https:\/\/wolkenstayn.de\/en\/wp-json\/wp\/v2\/users\/1"}],"replies":[{"embeddable":true,"href":"https:\/\/wolkenstayn.de\/en\/wp-json\/wp\/v2\/comments?post=4841"}],"version-history":[{"count":3,"href":"https:\/\/wolkenstayn.de\/en\/wp-json\/wp\/v2\/pages\/4841\/revisions"}],"predecessor-version":[{"id":8754,"href":"https:\/\/wolkenstayn.de\/en\/wp-json\/wp\/v2\/pages\/4841\/revisions\/8754"}],"wp:attachment":[{"href":"https:\/\/wolkenstayn.de\/en\/wp-json\/wp\/v2\/media?parent=4841"}],"curies":[{"name":"wp","href":"https:\/\/api.w.org\/{rel}","templated":true}]}}