{"id":3600,"date":"2024-03-10T20:25:15","date_gmt":"2024-03-10T19:25:15","guid":{"rendered":"https:\/\/wolkenstayn.1vy.de\/?page_id=3600"},"modified":"2026-03-17T08:04:49","modified_gmt":"2026-03-17T07:04:49","slug":"blackedition","status":"publish","type":"page","link":"https:\/\/wolkenstayn.de\/en\/instrumente\/blackedition\/","title":{"rendered":"BlackEdition"},"content":{"rendered":"<div data-colibri-id=\"3600-c1\" class=\"style-2069 style-local-3600-c1 position-relative\">\n  <!---->\n  <div data-colibri-component=\"section\" data-colibri-id=\"3600-c2\" id=\"content\" class=\"h-section h-section-global-spacing d-flex align-items-lg-center align-items-md-center align-items-center style-2070 style-local-3600-c2 position-relative\">\n    <!---->\n    <!---->\n    <div class=\"h-section-grid-container h-section-boxed-container\">\n      <!---->\n      <div data-colibri-id=\"3600-c3\" class=\"h-row-container gutters-row-lg-2 gutters-row-md-2 gutters-row-2 gutters-row-v-lg-2 gutters-row-v-md-2 gutters-row-v-2 style-2071 style-local-3600-c3 position-relative\">\n        <!---->\n        <div class=\"h-row justify-content-lg-center justify-content-md-center justify-content-center align-items-lg-stretch align-items-md-stretch align-items-stretch gutters-col-lg-2 gutters-col-md-2 gutters-col-2 gutters-col-v-lg-2 gutters-col-v-md-2 gutters-col-v-2\">\n          <!---->\n          <div class=\"h-column h-column-container d-flex h-col-lg-auto h-col-md-auto h-col-auto style-2072-outer style-local-3600-c4-outer\">\n            <div data-colibri-id=\"3600-c4\" class=\"d-flex h-flex-basis h-column__inner h-px-lg-0 h-px-md-2 h-px-2 v-inner-lg-0 v-inner-md-2 v-inner-2 style-2072 style-local-3600-c4 position-relative\">\n              <!---->\n              <!---->\n              <div class=\"w-100 h-y-container h-column__content h-column__v-align flex-basis-100 align-self-lg-center align-self-md-center align-self-center\">\n                <!---->\n                <div data-colibri-id=\"3600-c5\" class=\"d-block style-2073 style-local-3600-c5 position-relative h-element\">\n                  <!---->\n                  <div class=\"h-image__frame-container-outer\">\n                    <div class=\"h-image__frame-container\">\n                      <!---->\n                      <!---->\n                      <img loading=\"lazy\" decoding=\"async\" width=\"1212\" height=\"1872\" src=\"https:\/\/wolkenstayn.de\/wp-content\/uploads\/2024\/04\/Portative_Black_Edition_1.jpg\" class=\"wp-image-4465 style-2073-image style-local-3600-c5-image\" alt=\"BlackEdition Wolkenstayn\" title=\"\" srcset=\"https:\/\/wolkenstayn.de\/wp-content\/uploads\/2024\/04\/Portative_Black_Edition_1.jpg 1212w, https:\/\/wolkenstayn.de\/wp-content\/uploads\/2024\/04\/Portative_Black_Edition_1-194x300.jpg 194w, https:\/\/wolkenstayn.de\/wp-content\/uploads\/2024\/04\/Portative_Black_Edition_1-663x1024.jpg 663w, https:\/\/wolkenstayn.de\/wp-content\/uploads\/2024\/04\/Portative_Black_Edition_1-768x1186.jpg 768w, https:\/\/wolkenstayn.de\/wp-content\/uploads\/2024\/04\/Portative_Black_Edition_1-994x1536.jpg 994w, https:\/\/wolkenstayn.de\/wp-content\/uploads\/2024\/04\/Portative_Black_Edition_1-8x12.jpg 8w\" sizes=\"auto, (max-width: 1212px) 100vw, 1212px\" \/>\n                      <div class=\"h-image__frame h-hide-sm style-2073-frameImage style-local-3600-c5-frameImage\"><\/div>\n                    <\/div>\n                  <\/div>\n                <\/div>\n              <\/div>\n            <\/div>\n          <\/div>\n          <div class=\"h-column h-column-container d-flex h-col-lg-auto h-col-md-auto h-col-auto style-2074-outer style-local-3600-c6-outer\">\n            <div data-colibri-id=\"3600-c6\" class=\"d-flex h-flex-basis h-column__inner h-px-lg-1 h-px-md-0 h-px-2 v-inner-lg-1 v-inner-md-0 v-inner-2 style-2074 style-local-3600-c6 position-relative\">\n              <!---->\n              <!---->\n              <div class=\"w-100 h-y-container h-column__content h-column__v-align flex-basis-100 align-self-lg-center align-self-md-center align-self-center\">\n                <!---->\n                <div data-colibri-id=\"3600-c7\" class=\"h-global-transition-all h-heading style-2075 style-local-3600-c7 position-relative h-element\">\n                  <!---->\n                  <div class=\"h-heading__outer style-2075 style-local-3600-c7\">\n                    <!---->\n                    <!---->\n                    <h2 class=\"\">&#8222;BlackEdition&#8220;<\/h2>\n                  <\/div>\n                <\/div>\n                <div data-colibri-id=\"3600-c8\" class=\"h-row-container gutters-row-lg-0 gutters-row-md-0 gutters-row-0 gutters-row-v-lg-0 gutters-row-v-md-0 gutters-row-v-0 style-2076 style-local-3600-c8 position-relative\">\n                  <!---->\n                  <div class=\"h-row justify-content-lg-center justify-content-md-center justify-content-center align-items-lg-stretch align-items-md-stretch align-items-stretch gutters-col-lg-0 gutters-col-md-0 gutters-col-0 gutters-col-v-lg-0 gutters-col-v-md-0 gutters-col-v-0\">\n                    <!---->\n                    <div class=\"h-column h-column-container d-flex h-col-lg h-col-md h-col-auto style-2077-outer style-local-3600-c9-outer\">\n                      <div data-colibri-id=\"3600-c9\" class=\"d-flex h-flex-basis h-column__inner h-px-lg-1 h-px-md-1 h-px-0 v-inner-lg-1 v-inner-md-1 v-inner-0 style-2077 style-local-3600-c9 position-relative\">\n                        <!---->\n                        <!---->\n                        <div class=\"w-100 h-y-container h-column__content h-column__v-align flex-basis-100 align-self-lg-start align-self-md-start align-self-start\">\n                          <!---->\n                          <div data-colibri-id=\"3600-c10\" class=\"h-text h-text-component style-2078 style-local-3600-c10 position-relative h-element\">\n                            <!---->\n                            <!---->\n                            <div class=\"\">\n                              <p>Modern, new black design; available on request for all our portative organs.<\/p>\n                            <\/div>\n                          <\/div>\n                          <div data-colibri-id=\"3600-c11\" class=\"h-text h-text-component style-2078 style-local-3600-c11 position-relative h-element\">\n                            <!---->\n                            <!---->\n                            <div class=\"\">\n                              <p>\n                                <br>\n                              <\/p>\n                              <p>(Fig. shows special equipment)<\/p>\n                            <\/div>\n                          <\/div>\n                        <\/div>\n                      <\/div>\n                    <\/div>\n                  <\/div>\n                <\/div>\n              <\/div>\n            <\/div>\n          <\/div>\n        <\/div>\n      <\/div>\n    <\/div>\n  <\/div>\n  <div data-colibri-component=\"section\" data-colibri-id=\"3600-c12\" id=\"about\" class=\"h-section h-section-global-spacing d-flex align-items-lg-center align-items-md-center align-items-center style-2079 style-local-3600-c12 position-relative\">\n    <!---->\n    <!---->\n    <div class=\"h-section-grid-container h-section-boxed-container\">\n      <!---->\n      <div data-colibri-id=\"3600-c13\" class=\"h-row-container gutters-row-lg-2 gutters-row-md-2 gutters-row-2 gutters-row-v-lg-2 gutters-row-v-md-2 gutters-row-v-2 style-2080 style-local-3600-c13 position-relative\">\n        <!---->\n        <div class=\"h-row justify-content-lg-center justify-content-md-center justify-content-center align-items-lg-stretch align-items-md-stretch align-items-stretch gutters-col-lg-2 gutters-col-md-2 gutters-col-2 gutters-col-v-lg-2 gutters-col-v-md-2 gutters-col-v-2\">\n          <!---->\n          <div class=\"h-column h-column-container d-flex h-col-lg-auto h-col-md-auto h-col-auto style-2081-outer style-local-3600-c14-outer\">\n            <div data-colibri-id=\"3600-c14\" class=\"d-flex h-flex-basis h-column__inner h-px-lg-1 h-px-md-1 h-px-2 v-inner-lg-1 v-inner-md-1 v-inner-2 style-2081 style-local-3600-c14 position-relative\">\n              <!---->\n              <!---->\n              <div class=\"w-100 h-y-container h-column__content h-column__v-align flex-basis-100 align-self-lg-center align-self-md-center align-self-center\">\n                <!---->\n                <div data-colibri-id=\"3600-c15\" class=\"h-text h-text-component style-2082 style-local-3600-c15 position-relative h-element\">\n                  <!---->\n                  <!---->\n                  <div class=\"\">\n                    <p>This modern portative organ in terms of sound and design combines fascinating sound with a very special look. Made from moor oak that is several thousand years old, or black varnished maple wood.<\/p>\n                    <p>Developed for expressive playing, exciting sound and optional lighting effects.<\/p>\n                    <p>Prepared for special microphones with preamplifier, effects device and radio link. LED lighting of your choice.<\/p>\n                    <p>For professional stage use, for Rock, Gothic-\/Metal Bands.<\/p>\n                    <p>The sample pictures show a customized \u201cBlackEdition\u201d based on our tried and tested organetto \u201cHuelgas\u201d:<\/p>\n                    <p>Made from black moor oak, also with your customized band design and logo; plus black handles and optional microphone including radio link for walking act; Blacklight\/UV power LEDs, backlit band logo and UV-sensitive keyboard.<\/p>\n                    <p>Great look &amp; sound!<\/p>\n                    <p>Please ask for your own individual \u201cBlackEdition\u201d.<\/p>\n                  <\/div>\n                <\/div>\n              <\/div>\n            <\/div>\n          <\/div>\n        <\/div>\n      <\/div>\n    <\/div>\n  <\/div>\n  <div data-colibri-component=\"section\" data-colibri-id=\"3600-c16\" id=\"photo-gallery-2\" class=\"h-section h-section-global-spacing d-flex align-items-lg-center align-items-md-center align-items-center style-2083 style-local-3600-c16 position-relative\">\n    <!---->\n    <!---->\n    <div class=\"h-section-grid-container h-section-boxed-container\">\n      <!---->\n      <div data-colibri-id=\"3600-c17\" class=\"h-row-container gutters-row-lg-1 gutters-row-md-1 gutters-row-1 gutters-row-v-lg-1 gutters-row-v-md-1 gutters-row-v-1 style-2084 style-local-3600-c17 position-relative\">\n        <!---->\n        <div class=\"h-row justify-content-lg-center justify-content-md-center justify-content-center align-items-lg-stretch align-items-md-stretch align-items-stretch gutters-col-lg-1 gutters-col-md-1 gutters-col-1 gutters-col-v-lg-1 gutters-col-v-md-1 gutters-col-v-1\">\n          <!---->\n          <div class=\"h-column h-column-container d-flex h-col-lg-auto h-col-md-auto h-col-auto style-2085-outer style-local-3600-c18-outer\">\n            <div data-colibri-id=\"3600-c18\" class=\"d-flex h-flex-basis h-column__inner h-px-lg-1 h-px-md-1 h-px-1 v-inner-lg-1 v-inner-md-1 v-inner-1 style-2085 style-local-3600-c18 position-relative\">\n              <!---->\n              <!---->\n              <div class=\"w-100 h-y-container h-column__content h-column__v-align flex-basis-100 align-self-lg-start align-self-md-start align-self-start\">\n                <!---->\n                <div data-colibri-component=\"masonry\" data-colibri-id=\"3600-c19\" class=\"h-photo-gallery margin-none caption-none style-2086 style-local-3600-c19 h-overflow-hidden position-relative h-element\">\n                  <!---->\n                  <div class=\"h-global-transition-all\"><div id='colibri-3600-c19' class='gallery-wrapper'>    <style type=\"text\/css\">\n\n        @media (min-width: 1023px) {        #colibri-3600-c19        dl {\n            float: left;\n            width: 25% !important;\n            max-width: 25% !important;\n            min-width: 25% !important;\n        }\n\n        #colibri-3600-c19        dl:nth-of-type(4n +1 ) {\n            clear: both;\n        }\n\n        }@media (min-width: 768px) and (max-width: 1023px) {        #colibri-3600-c19        dl {\n            float: left;\n            width: 25% !important;\n            max-width: 25% !important;\n            min-width: 25% !important;\n        }\n\n        #colibri-3600-c19        dl:nth-of-type(4n +1 ) {\n            clear: both;\n        }\n\n        }@media (max-width: 767px) {        #colibri-3600-c19        dl {\n            float: left;\n            width: 50% !important;\n            max-width: 50% !important;\n            min-width: 50% !important;\n        }\n\n        #colibri-3600-c19        dl:nth-of-type(2n +1 ) {\n            clear: both;\n        }\n\n        }\n        #colibri-3600-c19        .gallery-item {\n            position: relative;\n        }\n\n        \n    <\/style>\n    <div   class='colibri-3600-c19-dls-wrapper gallery-items-wrapper' ><dl class='gallery-item masonry-item'>\n\t\t\t<dt class='gallery-icon portrait'>\n\t\t\t\t<a data-fancybox=\"colibri-3600-c19-group\" href='https:\/\/wolkenstayn.de\/wp-content\/uploads\/2024\/04\/Portative_Black_Edition_2_1.jpg'><img loading=\"lazy\" decoding=\"async\" width=\"184\" height=\"300\" src=\"https:\/\/wolkenstayn.de\/wp-content\/uploads\/2024\/04\/Portative_Black_Edition_2_1-184x300.jpg\" class=\"colibri-3600-c19-image\" alt=\"BlackEdition Wolkenstayn\" srcset=\"https:\/\/wolkenstayn.de\/wp-content\/uploads\/2024\/04\/Portative_Black_Edition_2_1-184x300.jpg 184w, https:\/\/wolkenstayn.de\/wp-content\/uploads\/2024\/04\/Portative_Black_Edition_2_1-629x1024.jpg 629w, https:\/\/wolkenstayn.de\/wp-content\/uploads\/2024\/04\/Portative_Black_Edition_2_1-768x1249.jpg 768w, https:\/\/wolkenstayn.de\/wp-content\/uploads\/2024\/04\/Portative_Black_Edition_2_1-944x1536.jpg 944w, https:\/\/wolkenstayn.de\/wp-content\/uploads\/2024\/04\/Portative_Black_Edition_2_1-7x12.jpg 7w, https:\/\/wolkenstayn.de\/wp-content\/uploads\/2024\/04\/Portative_Black_Edition_2_1.jpg 1158w\" sizes=\"auto, (max-width: 184px) 100vw, 184px\" title=\"\"><\/a>\n\t\t\t<\/dt><\/dl><dl class='gallery-item masonry-item'>\n\t\t\t<dt class='gallery-icon landscape'>\n\t\t\t\t<a data-fancybox=\"colibri-3600-c19-group\" href='https:\/\/wolkenstayn.de\/wp-content\/uploads\/2024\/04\/Pipes_3_1.jpg'><img loading=\"lazy\" decoding=\"async\" width=\"300\" height=\"200\" src=\"https:\/\/wolkenstayn.de\/wp-content\/uploads\/2024\/04\/Pipes_3_1-300x200.jpg\" class=\"colibri-3600-c19-image\" alt=\"Wolkenstayn\" srcset=\"https:\/\/wolkenstayn.de\/wp-content\/uploads\/2024\/04\/Pipes_3_1-300x200.jpg 300w, https:\/\/wolkenstayn.de\/wp-content\/uploads\/2024\/04\/Pipes_3_1-1024x683.jpg 1024w, https:\/\/wolkenstayn.de\/wp-content\/uploads\/2024\/04\/Pipes_3_1-768x512.jpg 768w, https:\/\/wolkenstayn.de\/wp-content\/uploads\/2024\/04\/Pipes_3_1-1536x1024.jpg 1536w, https:\/\/wolkenstayn.de\/wp-content\/uploads\/2024\/04\/Pipes_3_1-18x12.jpg 18w, https:\/\/wolkenstayn.de\/wp-content\/uploads\/2024\/04\/Pipes_3_1.jpg 1920w\" sizes=\"auto, (max-width: 300px) 100vw, 300px\" title=\"\"><\/a>\n\t\t\t<\/dt><\/dl><dl class='gallery-item masonry-item'>\n\t\t\t<dt class='gallery-icon portrait'>\n\t\t\t\t<a data-fancybox=\"colibri-3600-c19-group\" href='https:\/\/wolkenstayn.de\/wp-content\/uploads\/2024\/04\/Side_view_1.jpg'><img loading=\"lazy\" decoding=\"async\" width=\"200\" height=\"300\" src=\"https:\/\/wolkenstayn.de\/wp-content\/uploads\/2024\/04\/Side_view_1-200x300.jpg\" class=\"colibri-3600-c19-image\" alt=\"Wolkenstayn\" srcset=\"https:\/\/wolkenstayn.de\/wp-content\/uploads\/2024\/04\/Side_view_1-200x300.jpg 200w, https:\/\/wolkenstayn.de\/wp-content\/uploads\/2024\/04\/Side_view_1-683x1024.jpg 683w, https:\/\/wolkenstayn.de\/wp-content\/uploads\/2024\/04\/Side_view_1-768x1152.jpg 768w, https:\/\/wolkenstayn.de\/wp-content\/uploads\/2024\/04\/Side_view_1-1024x1536.jpg 1024w, https:\/\/wolkenstayn.de\/wp-content\/uploads\/2024\/04\/Side_view_1-8x12.jpg 8w, https:\/\/wolkenstayn.de\/wp-content\/uploads\/2024\/04\/Side_view_1.jpg 1280w\" sizes=\"auto, (max-width: 200px) 100vw, 200px\" title=\"\"><\/a>\n\t\t\t<\/dt><\/dl><dl class='gallery-item masonry-item'>\n\t\t\t<dt class='gallery-icon portrait'>\n\t\t\t\t<a data-fancybox=\"colibri-3600-c19-group\" href='https:\/\/wolkenstayn.de\/wp-content\/uploads\/2024\/04\/Pipes_2_1.jpg'><img loading=\"lazy\" decoding=\"async\" width=\"200\" height=\"300\" src=\"https:\/\/wolkenstayn.de\/wp-content\/uploads\/2024\/04\/Pipes_2_1-200x300.jpg\" class=\"colibri-3600-c19-image\" alt=\"Wolkenstayn\" srcset=\"https:\/\/wolkenstayn.de\/wp-content\/uploads\/2024\/04\/Pipes_2_1-200x300.jpg 200w, https:\/\/wolkenstayn.de\/wp-content\/uploads\/2024\/04\/Pipes_2_1-683x1024.jpg 683w, https:\/\/wolkenstayn.de\/wp-content\/uploads\/2024\/04\/Pipes_2_1-768x1152.jpg 768w, https:\/\/wolkenstayn.de\/wp-content\/uploads\/2024\/04\/Pipes_2_1-1024x1536.jpg 1024w, https:\/\/wolkenstayn.de\/wp-content\/uploads\/2024\/04\/Pipes_2_1-8x12.jpg 8w, https:\/\/wolkenstayn.de\/wp-content\/uploads\/2024\/04\/Pipes_2_1.jpg 1280w\" sizes=\"auto, (max-width: 200px) 100vw, 200px\" title=\"\"><\/a>\n\t\t\t<\/dt><\/dl><dl class='gallery-item masonry-item'>\n\t\t\t<dt class='gallery-icon landscape'>\n\t\t\t\t<a data-fancybox=\"colibri-3600-c19-group\" href='https:\/\/wolkenstayn.de\/wp-content\/uploads\/2024\/04\/Tasten_2_1.jpg'><img loading=\"lazy\" decoding=\"async\" width=\"300\" height=\"200\" src=\"https:\/\/wolkenstayn.de\/wp-content\/uploads\/2024\/04\/Tasten_2_1-300x200.jpg\" class=\"colibri-3600-c19-image\" alt=\"BlackEdition Wolkenstayn\" srcset=\"https:\/\/wolkenstayn.de\/wp-content\/uploads\/2024\/04\/Tasten_2_1-300x200.jpg 300w, https:\/\/wolkenstayn.de\/wp-content\/uploads\/2024\/04\/Tasten_2_1-1024x683.jpg 1024w, https:\/\/wolkenstayn.de\/wp-content\/uploads\/2024\/04\/Tasten_2_1-768x512.jpg 768w, https:\/\/wolkenstayn.de\/wp-content\/uploads\/2024\/04\/Tasten_2_1-1536x1024.jpg 1536w, https:\/\/wolkenstayn.de\/wp-content\/uploads\/2024\/04\/Tasten_2_1-18x12.jpg 18w, https:\/\/wolkenstayn.de\/wp-content\/uploads\/2024\/04\/Tasten_2_1.jpg 1920w\" sizes=\"auto, (max-width: 300px) 100vw, 300px\" title=\"\"><\/a>\n\t\t\t<\/dt><\/dl><dl class='gallery-item masonry-item'>\n\t\t\t<dt class='gallery-icon landscape'>\n\t\t\t\t<a data-fancybox=\"colibri-3600-c19-group\" href='https:\/\/wolkenstayn.de\/wp-content\/uploads\/2024\/04\/Tasten_01.jpg'><img loading=\"lazy\" decoding=\"async\" width=\"300\" height=\"200\" src=\"https:\/\/wolkenstayn.de\/wp-content\/uploads\/2024\/04\/Tasten_01-300x200.jpg\" class=\"colibri-3600-c19-image\" alt=\"BlackEdition Wolkenstayn\" srcset=\"https:\/\/wolkenstayn.de\/wp-content\/uploads\/2024\/04\/Tasten_01-300x200.jpg 300w, https:\/\/wolkenstayn.de\/wp-content\/uploads\/2024\/04\/Tasten_01-18x12.jpg 18w, https:\/\/wolkenstayn.de\/wp-content\/uploads\/2024\/04\/Tasten_01.jpg 400w\" sizes=\"auto, (max-width: 300px) 100vw, 300px\" title=\"\"><\/a>\n\t\t\t<\/dt><\/dl><dl class='gallery-item masonry-item'>\n\t\t\t<dt class='gallery-icon portrait'>\n\t\t\t\t<a data-fancybox=\"colibri-3600-c19-group\" href='https:\/\/wolkenstayn.de\/wp-content\/uploads\/2024\/04\/Wange_re_1-1.jpg'><img loading=\"lazy\" decoding=\"async\" width=\"200\" height=\"300\" src=\"https:\/\/wolkenstayn.de\/wp-content\/uploads\/2024\/04\/Wange_re_1-1-200x300.jpg\" class=\"colibri-3600-c19-image\" alt=\"Wolkenstayn\" srcset=\"https:\/\/wolkenstayn.de\/wp-content\/uploads\/2024\/04\/Wange_re_1-1-200x300.jpg 200w, https:\/\/wolkenstayn.de\/wp-content\/uploads\/2024\/04\/Wange_re_1-1-683x1024.jpg 683w, https:\/\/wolkenstayn.de\/wp-content\/uploads\/2024\/04\/Wange_re_1-1-768x1152.jpg 768w, https:\/\/wolkenstayn.de\/wp-content\/uploads\/2024\/04\/Wange_re_1-1-1024x1536.jpg 1024w, https:\/\/wolkenstayn.de\/wp-content\/uploads\/2024\/04\/Wange_re_1-1-8x12.jpg 8w, https:\/\/wolkenstayn.de\/wp-content\/uploads\/2024\/04\/Wange_re_1-1.jpg 1280w\" sizes=\"auto, (max-width: 200px) 100vw, 200px\" title=\"\"><\/a>\n\t\t\t<\/dt><\/dl><dl class='gallery-item masonry-item'>\n\t\t\t<dt class='gallery-icon portrait'>\n\t\t\t\t<a data-fancybox=\"colibri-3600-c19-group\" href='https:\/\/wolkenstayn.de\/wp-content\/uploads\/2024\/04\/Castlemoon_1.jpg'><img loading=\"lazy\" decoding=\"async\" width=\"200\" height=\"300\" src=\"https:\/\/wolkenstayn.de\/wp-content\/uploads\/2024\/04\/Castlemoon_1-200x300.jpg\" class=\"colibri-3600-c19-image\" alt=\"Wolkenstayn\" srcset=\"https:\/\/wolkenstayn.de\/wp-content\/uploads\/2024\/04\/Castlemoon_1-200x300.jpg 200w, https:\/\/wolkenstayn.de\/wp-content\/uploads\/2024\/04\/Castlemoon_1-683x1024.jpg 683w, https:\/\/wolkenstayn.de\/wp-content\/uploads\/2024\/04\/Castlemoon_1-768x1152.jpg 768w, https:\/\/wolkenstayn.de\/wp-content\/uploads\/2024\/04\/Castlemoon_1-1024x1536.jpg 1024w, https:\/\/wolkenstayn.de\/wp-content\/uploads\/2024\/04\/Castlemoon_1-8x12.jpg 8w, https:\/\/wolkenstayn.de\/wp-content\/uploads\/2024\/04\/Castlemoon_1.jpg 1280w\" sizes=\"auto, (max-width: 200px) 100vw, 200px\" title=\"\"><\/a>\n\t\t\t<\/dt><\/dl><dl class='gallery-item masonry-item'>\n\t\t\t<dt class='gallery-icon landscape'>\n\t\t\t\t<a data-fancybox=\"colibri-3600-c19-group\" href='https:\/\/wolkenstayn.de\/wp-content\/uploads\/2024\/04\/Pipes_4_1.jpg'><img loading=\"lazy\" decoding=\"async\" width=\"300\" height=\"200\" src=\"https:\/\/wolkenstayn.de\/wp-content\/uploads\/2024\/04\/Pipes_4_1-300x200.jpg\" class=\"colibri-3600-c19-image\" alt=\"Wolkenstayn\" srcset=\"https:\/\/wolkenstayn.de\/wp-content\/uploads\/2024\/04\/Pipes_4_1-300x200.jpg 300w, https:\/\/wolkenstayn.de\/wp-content\/uploads\/2024\/04\/Pipes_4_1-1024x683.jpg 1024w, https:\/\/wolkenstayn.de\/wp-content\/uploads\/2024\/04\/Pipes_4_1-768x512.jpg 768w, https:\/\/wolkenstayn.de\/wp-content\/uploads\/2024\/04\/Pipes_4_1-1536x1024.jpg 1536w, https:\/\/wolkenstayn.de\/wp-content\/uploads\/2024\/04\/Pipes_4_1-18x12.jpg 18w, https:\/\/wolkenstayn.de\/wp-content\/uploads\/2024\/04\/Pipes_4_1.jpg 1920w\" sizes=\"auto, (max-width: 300px) 100vw, 300px\" title=\"\"><\/a>\n\t\t\t<\/dt><\/dl><dl class='gallery-item masonry-item'>\n\t\t\t<dt class='gallery-icon portrait'>\n\t\t\t\t<a data-fancybox=\"colibri-3600-c19-group\" href='https:\/\/wolkenstayn.de\/wp-content\/uploads\/2024\/04\/Pipes_1_1.jpg'><img loading=\"lazy\" decoding=\"async\" width=\"200\" height=\"300\" src=\"https:\/\/wolkenstayn.de\/wp-content\/uploads\/2024\/04\/Pipes_1_1-200x300.jpg\" class=\"colibri-3600-c19-image\" alt=\"Wolkenstayn\" srcset=\"https:\/\/wolkenstayn.de\/wp-content\/uploads\/2024\/04\/Pipes_1_1-200x300.jpg 200w, https:\/\/wolkenstayn.de\/wp-content\/uploads\/2024\/04\/Pipes_1_1-683x1024.jpg 683w, https:\/\/wolkenstayn.de\/wp-content\/uploads\/2024\/04\/Pipes_1_1-768x1152.jpg 768w, https:\/\/wolkenstayn.de\/wp-content\/uploads\/2024\/04\/Pipes_1_1-1024x1536.jpg 1024w, https:\/\/wolkenstayn.de\/wp-content\/uploads\/2024\/04\/Pipes_1_1-8x12.jpg 8w, https:\/\/wolkenstayn.de\/wp-content\/uploads\/2024\/04\/Pipes_1_1.jpg 1280w\" sizes=\"auto, (max-width: 200px) 100vw, 200px\" title=\"\"><\/a>\n\t\t\t<\/dt><\/dl><dl class='gallery-item masonry-item'>\n\t\t\t<dt class='gallery-icon landscape'>\n\t\t\t\t<a data-fancybox=\"colibri-3600-c19-group\" href='https:\/\/wolkenstayn.de\/wp-content\/uploads\/2024\/04\/Balg_Seite_1.jpg'><img loading=\"lazy\" decoding=\"async\" width=\"300\" height=\"222\" src=\"https:\/\/wolkenstayn.de\/wp-content\/uploads\/2024\/04\/Balg_Seite_1-300x222.jpg\" class=\"colibri-3600-c19-image\" alt=\"Wolkenstayn\" srcset=\"https:\/\/wolkenstayn.de\/wp-content\/uploads\/2024\/04\/Balg_Seite_1-300x222.jpg 300w, https:\/\/wolkenstayn.de\/wp-content\/uploads\/2024\/04\/Balg_Seite_1-1024x759.jpg 1024w, https:\/\/wolkenstayn.de\/wp-content\/uploads\/2024\/04\/Balg_Seite_1-768x569.jpg 768w, https:\/\/wolkenstayn.de\/wp-content\/uploads\/2024\/04\/Balg_Seite_1-16x12.jpg 16w, https:\/\/wolkenstayn.de\/wp-content\/uploads\/2024\/04\/Balg_Seite_1.jpg 1089w\" sizes=\"auto, (max-width: 300px) 100vw, 300px\" title=\"\"><\/a>\n\t\t\t<\/dt><\/dl>\n\t\t\t\n\t\t<\/div>\n<style>#colibri-3600-c19 .wp-caption-text.gallery-caption{display:none;}<\/style><\/div><\/div>\n                <\/div>\n              <\/div>\n            <\/div>\n          <\/div>\n        <\/div>\n      <\/div>\n    <\/div>\n  <\/div>\n<\/div>","protected":false},"excerpt":{"rendered":"<p>&#8222;BlackEdition&#8220; Neues modernes Design, auf Wunsch erh\u00e4ltlich f\u00fcr alle unsere Portative Abb. zeigt Sonderausstattung Dieses moderne Portativ vereint faszinierenden Klang mit einem ganz speziellen Look. Gefertigt aus mehrere tausend Jahre alter Mooreiche oder gebeiztem Ahornholz. Entwickelt f\u00fcr expressives Spiel, spannenden Sound und optionale Lichteffekte. Vorbereitet f\u00fcr spezielle Mikrophonierung mit Vorverst\u00e4rker, Effektger\u00e4t und Funkstrecke. LED-Beleuchtung nach [&hellip;]<\/p>\n","protected":false},"author":1,"featured_media":0,"parent":728,"menu_order":0,"comment_status":"closed","ping_status":"closed","template":"page-templates\/full-width-page.php","meta":{"footnotes":""},"class_list":["post-3600","page","type-page","status-publish","hentry"],"_links":{"self":[{"href":"https:\/\/wolkenstayn.de\/en\/wp-json\/wp\/v2\/pages\/3600","targetHints":{"allow":["GET"]}}],"collection":[{"href":"https:\/\/wolkenstayn.de\/en\/wp-json\/wp\/v2\/pages"}],"about":[{"href":"https:\/\/wolkenstayn.de\/en\/wp-json\/wp\/v2\/types\/page"}],"author":[{"embeddable":true,"href":"https:\/\/wolkenstayn.de\/en\/wp-json\/wp\/v2\/users\/1"}],"replies":[{"embeddable":true,"href":"https:\/\/wolkenstayn.de\/en\/wp-json\/wp\/v2\/comments?post=3600"}],"version-history":[{"count":1,"href":"https:\/\/wolkenstayn.de\/en\/wp-json\/wp\/v2\/pages\/3600\/revisions"}],"predecessor-version":[{"id":8761,"href":"https:\/\/wolkenstayn.de\/en\/wp-json\/wp\/v2\/pages\/3600\/revisions\/8761"}],"up":[{"embeddable":true,"href":"https:\/\/wolkenstayn.de\/en\/wp-json\/wp\/v2\/pages\/728"}],"wp:attachment":[{"href":"https:\/\/wolkenstayn.de\/en\/wp-json\/wp\/v2\/media?parent=3600"}],"curies":[{"name":"wp","href":"https:\/\/api.w.org\/{rel}","templated":true}]}}