{"id":3599,"date":"2024-03-10T20:25:08","date_gmt":"2024-03-10T19:25:08","guid":{"rendered":"https:\/\/wolkenstayn.1vy.de\/?page_id=3599"},"modified":"2025-01-07T00:23:39","modified_gmt":"2025-01-06T23:23:39","slug":"ghaetta","status":"publish","type":"page","link":"https:\/\/wolkenstayn.de\/en\/instrumente\/ghaetta\/","title":{"rendered":"Ghaetta"},"content":{"rendered":"<div data-colibri-id=\"3599-c1\" class=\"style-2051 style-local-3599-c1 position-relative\">\n  <!---->\n  <div data-colibri-component=\"section\" data-colibri-id=\"3599-c2\" id=\"content\" class=\"h-section h-section-global-spacing d-flex align-items-lg-center align-items-md-center align-items-center style-2052 style-local-3599-c2 position-relative\">\n    <!---->\n    <!---->\n    <div class=\"h-section-grid-container h-section-boxed-container\">\n      <!---->\n      <div data-colibri-id=\"3599-c3\" class=\"h-row-container gutters-row-lg-2 gutters-row-md-2 gutters-row-2 gutters-row-v-lg-2 gutters-row-v-md-2 gutters-row-v-2 style-2053 style-local-3599-c3 position-relative\">\n        <!---->\n        <div class=\"h-row justify-content-lg-center justify-content-md-center justify-content-center align-items-lg-stretch align-items-md-stretch align-items-stretch gutters-col-lg-2 gutters-col-md-2 gutters-col-2 gutters-col-v-lg-2 gutters-col-v-md-2 gutters-col-v-2\">\n          <!---->\n          <div class=\"h-column h-column-container d-flex h-col-lg-auto h-col-md-auto h-col-auto style-2056-outer style-local-3599-c4-outer\">\n            <div data-colibri-id=\"3599-c4\" class=\"d-flex h-flex-basis h-column__inner h-px-lg-1 h-px-md-0 h-px-2 v-inner-lg-1 v-inner-md-0 v-inner-2 style-2056 style-local-3599-c4 position-relative\">\n              <!---->\n              <!---->\n              <div class=\"w-100 h-y-container h-column__content h-column__v-align flex-basis-100 align-self-lg-center align-self-md-center align-self-center\">\n                <!---->\n                <div data-colibri-id=\"3599-c5\" class=\"h-global-transition-all h-heading style-2057 style-local-3599-c5 position-relative h-element\">\n                  <!---->\n                  <div class=\"h-heading__outer style-2057 style-local-3599-c5\">\n                    <!---->\n                    <!---->\n                    <h2 class=\"\">&#8222;Ghaetta&#8220;<\/h2>\n                  <\/div>\n                <\/div>\n                <div data-colibri-id=\"3599-c6\" class=\"h-row-container gutters-row-lg-0 gutters-row-md-0 gutters-row-0 gutters-row-v-lg-0 gutters-row-v-md-0 gutters-row-v-0 style-2058 style-local-3599-c6 position-relative\">\n                  <!---->\n                  <div class=\"h-row justify-content-lg-center justify-content-md-center justify-content-center align-items-lg-stretch align-items-md-stretch align-items-stretch gutters-col-lg-0 gutters-col-md-0 gutters-col-0 gutters-col-v-lg-0 gutters-col-v-md-0 gutters-col-v-0\">\n                    <!---->\n                    <div class=\"h-column h-column-container d-flex h-col-lg h-col-md h-col-auto style-2059-outer style-local-3599-c7-outer\">\n                      <div data-colibri-id=\"3599-c7\" class=\"d-flex h-flex-basis h-column__inner h-px-lg-0 h-px-md-0 h-px-0 v-inner-lg-0 v-inner-md-0 v-inner-0 style-2059 style-local-3599-c7 position-relative\">\n                        <!---->\n                        <!---->\n                        <div class=\"w-100 h-y-container h-column__content h-column__v-align flex-basis-100 align-self-lg-start align-self-md-start align-self-start\">\n                          <!---->\n                          <div data-colibri-id=\"3599-c8\" class=\"h-text h-text-component style-2060 style-local-3599-c8 position-relative h-element\">\n                            <!---->\n                            <!---->\n                            <div class=\"\">\n                              <p>30 metal pipes<\/p>\n                              <p>g &#8211; chromatisch &#8211; c3<\/p>\n                            <\/div>\n                          <\/div>\n                        <\/div>\n                      <\/div>\n                    <\/div>\n                  <\/div>\n                <\/div>\n                <div data-colibri-id=\"3599-c9\" class=\"h-row-container gutters-row-lg-0 gutters-row-md-0 gutters-row-0 gutters-row-v-lg-0 gutters-row-v-md-0 gutters-row-v-0 style-2058 style-local-3599-c9 position-relative\">\n                  <!---->\n                  <div class=\"h-row justify-content-lg-center justify-content-md-center justify-content-center align-items-lg-stretch align-items-md-stretch align-items-stretch gutters-col-lg-0 gutters-col-md-0 gutters-col-0 gutters-col-v-lg-0 gutters-col-v-md-0 gutters-col-v-0\">\n                    <!---->\n                    <div class=\"h-column h-column-container d-flex h-col-lg h-col-md h-col-auto style-2059-outer style-local-3599-c10-outer\">\n                      <div data-colibri-id=\"3599-c10\" class=\"d-flex h-flex-basis h-column__inner h-px-lg-0 h-px-md-0 h-px-0 v-inner-lg-0 v-inner-md-0 v-inner-0 style-2059 style-local-3599-c10 position-relative\">\n                        <!---->\n                        <!---->\n                        <div class=\"w-100 h-y-container h-column__content h-column__v-align flex-basis-100 align-self-lg-start align-self-md-start align-self-start\">\n                          <!---->\n                          <div data-colibri-id=\"3599-c11\" class=\"h-text h-text-component style-2060 style-local-3599-c11 position-relative h-element\">\n                            <!---->\n                            <!---->\n                            <div class=\"\">\n                              <p>Dimensions: approx. 110 x 49 x 21 cm<\/p>\n                              <p>Weight: approx. 12 kg<\/p>\n                            <\/div>\n                          <\/div>\n                          <div data-colibri-id=\"3599-c12\" class=\"h-text h-text-component style-2060 style-local-3599-c12 position-relative h-element\">\n                            <!---->\n                            <!---->\n                            <div class=\"\">\n                              <p>\n                                <br>\n                              <\/p>\n                              <p>(Fig. shows special equipment)<\/p>\n                            <\/div>\n                          <\/div>\n                        <\/div>\n                      <\/div>\n                    <\/div>\n                  <\/div>\n                <\/div>\n              <\/div>\n            <\/div>\n          <\/div>\n          <div class=\"h-column h-column-container d-flex h-col-lg-auto h-col-md-auto h-col-auto style-2054-outer style-local-3599-c13-outer\">\n            <div data-colibri-id=\"3599-c13\" class=\"d-flex h-flex-basis h-column__inner h-px-lg-0 h-px-md-2 h-px-2 v-inner-lg-0 v-inner-md-2 v-inner-2 style-2054 style-local-3599-c13 position-relative\">\n              <!---->\n              <!---->\n              <div class=\"w-100 h-y-container h-column__content h-column__v-align flex-basis-100 align-self-lg-center align-self-md-center align-self-center\">\n                <!---->\n                <div data-colibri-id=\"3599-c14\" class=\"d-block style-2055 style-local-3599-c14 position-relative h-element\">\n                  <!---->\n                  <div class=\"h-image__frame-container-outer\">\n                    <div class=\"h-image__frame-container\">\n                      <!---->\n                      <!---->\n                      <img loading=\"lazy\" decoding=\"async\" width=\"996\" height=\"1500\" src=\"https:\/\/wolkenstayn.de\/wp-content\/uploads\/2024\/04\/GhaettaRe_1-1.jpg\" class=\"wp-image-4457 style-2055-image style-local-3599-c14-image\" alt=\"Ghaetta Wolkenstayn\" title=\"\" srcset=\"https:\/\/wolkenstayn.de\/wp-content\/uploads\/2024\/04\/GhaettaRe_1-1.jpg 996w, https:\/\/wolkenstayn.de\/wp-content\/uploads\/2024\/04\/GhaettaRe_1-1-199x300.jpg 199w, https:\/\/wolkenstayn.de\/wp-content\/uploads\/2024\/04\/GhaettaRe_1-1-680x1024.jpg 680w, https:\/\/wolkenstayn.de\/wp-content\/uploads\/2024\/04\/GhaettaRe_1-1-768x1157.jpg 768w, https:\/\/wolkenstayn.de\/wp-content\/uploads\/2024\/04\/GhaettaRe_1-1-8x12.jpg 8w\" sizes=\"auto, (max-width: 996px) 100vw, 996px\" \/>\n                      <div class=\"h-image__frame h-hide-sm style-2055-frameImage style-local-3599-c14-frameImage\"><\/div>\n                    <\/div>\n                  <\/div>\n                <\/div>\n              <\/div>\n            <\/div>\n          <\/div>\n        <\/div>\n      <\/div>\n    <\/div>\n  <\/div>\n  <div data-colibri-component=\"section\" data-colibri-id=\"3599-c15\" id=\"about\" class=\"h-section h-section-global-spacing d-flex align-items-lg-center align-items-md-center align-items-center style-2061 style-local-3599-c15 position-relative\">\n    <!---->\n    <!---->\n    <div class=\"h-section-grid-container h-section-boxed-container\">\n      <!---->\n      <div data-colibri-id=\"3599-c16\" class=\"h-row-container gutters-row-lg-1 gutters-row-md-1 gutters-row-2 gutters-row-v-lg-1 gutters-row-v-md-1 gutters-row-v-2 style-2062 style-local-3599-c16 position-relative\">\n        <!---->\n        <div class=\"h-row justify-content-lg-center justify-content-md-center justify-content-center align-items-lg-stretch align-items-md-stretch align-items-stretch gutters-col-lg-1 gutters-col-md-1 gutters-col-2 gutters-col-v-lg-1 gutters-col-v-md-1 gutters-col-v-2\">\n          <!---->\n          <div class=\"h-column h-column-container d-flex h-col-lg-auto h-col-md-auto h-col-auto style-2063-outer style-local-3599-c17-outer\">\n            <div data-colibri-id=\"3599-c17\" class=\"d-flex h-flex-basis h-column__inner h-px-lg-1 h-px-md-1 h-px-2 v-inner-lg-1 v-inner-md-1 v-inner-2 style-2063 style-local-3599-c17 position-relative\">\n              <!---->\n              <!---->\n              <div class=\"w-100 h-y-container h-column__content h-column__v-align flex-basis-100 align-self-lg-center align-self-md-center align-self-center\">\n                <!---->\n                <div data-colibri-id=\"3599-c18\" class=\"h-text h-text-component style-2064 style-local-3599-c18 position-relative h-element\">\n                  <!---->\n                  <!---->\n                  <div class=\"\">\n                    <p>This large portative organ in the tradition of late Gothic instruments offers a wide range of tones in the lower alto register.<\/p>\n                    <p>Large, fully chromatic range of 2 1\/2 octaves; powerful, dynamic sound, intoned for expressive playing and exciting sound effects.<\/p>\n                    <p>All this with the lowest weight and at the same time high mechanical stability.<\/p>\n                    <p>The decorated and engraved frame is made of reddish cherry.<\/p>\n                    <p>Also available in other types of wood.<\/p>\n                    <p>Metal pipes made from a tin-lead alloy. Powerful, full and confident principal sound. Tuning sleeves made of light parchment paper or metal; Available in other materials upon request.<\/p>\n                    <p>Wooden pipes on request.<\/p>\n                    <p>Pitch: a=440Hz or e.g. 466Hz (or as desired; further information on\n                      <a href=\"https:\/\/wolkenstayn.de\/en\/wissenswertes\/#stimmung\" style=\"color: rgb(0, 0, 0);\">tuning\/tunes<\/a>)<\/p>\n                    <p>Also available with transposition device (e.g. 415 \u2013 440 \u2013 466 Hz) on request.<\/p>\n                    <p>The keys (either a piano-type or a button-type keyboard is available) are made of selected fruit-tree wood and maple.<\/p>\n                    <p>All keys, even several at the same time, can be individually locked as drone tones using adjustable drone levers.<\/p>\n                    <p>As a special feature for a large tonal range and flexibility despite the small dimensions of the instrument, the following pipes can be retuned using optional put-on-sleeves:<\/p>\n                    <p>Key g: plays f or f sharp<\/p>\n                    <p>G sharp key: plays g<\/p>\n                    <p>Large bellows made of white sheepskin\/cherry wood.<\/p>\n                    <p>On request with a device for quick air release of the bellows.<\/p>\n                  <\/div>\n                <\/div>\n              <\/div>\n            <\/div>\n          <\/div>\n        <\/div>\n      <\/div>\n    <\/div>\n  <\/div>\n  <div data-colibri-component=\"section\" data-colibri-id=\"3599-c19\" id=\"photo-gallery-2\" class=\"h-section h-section-global-spacing d-flex align-items-lg-center align-items-md-center align-items-center style-2065 style-local-3599-c19 position-relative\">\n    <!---->\n    <!---->\n    <div class=\"h-section-grid-container h-section-boxed-container\">\n      <!---->\n      <div data-colibri-id=\"3599-c20\" class=\"h-row-container gutters-row-lg-1 gutters-row-md-1 gutters-row-1 gutters-row-v-lg-1 gutters-row-v-md-1 gutters-row-v-1 style-2066 style-local-3599-c20 position-relative\">\n        <!---->\n        <div class=\"h-row justify-content-lg-center justify-content-md-center justify-content-center align-items-lg-stretch align-items-md-stretch align-items-stretch gutters-col-lg-1 gutters-col-md-1 gutters-col-1 gutters-col-v-lg-1 gutters-col-v-md-1 gutters-col-v-1\">\n          <!---->\n          <div class=\"h-column h-column-container d-flex h-col-lg-auto h-col-md-auto h-col-auto style-2067-outer style-local-3599-c21-outer\">\n            <div data-colibri-id=\"3599-c21\" class=\"d-flex h-flex-basis h-column__inner h-px-lg-1 h-px-md-1 h-px-1 v-inner-lg-1 v-inner-md-1 v-inner-1 style-2067 style-local-3599-c21 position-relative\">\n              <!---->\n              <!---->\n              <div class=\"w-100 h-y-container h-column__content h-column__v-align flex-basis-100 align-self-lg-start align-self-md-start align-self-start\">\n                <!---->\n                <div data-colibri-component=\"masonry\" data-colibri-id=\"3599-c22\" class=\"h-photo-gallery margin-none caption-none style-2068 style-local-3599-c22 h-overflow-hidden position-relative h-element\">\n                  <!---->\n                  <div class=\"h-global-transition-all\"><div id='colibri-3599-c22' class='gallery-wrapper'>    <style type=\"text\/css\">\n\n        @media (min-width: 1023px) {        #colibri-3599-c22        dl {\n            float: left;\n            width: 25% !important;\n            max-width: 25% !important;\n            min-width: 25% !important;\n        }\n\n        #colibri-3599-c22        dl:nth-of-type(4n +1 ) {\n            clear: both;\n        }\n\n        }@media (min-width: 768px) and (max-width: 1023px) {        #colibri-3599-c22        dl {\n            float: left;\n            width: 25% !important;\n            max-width: 25% !important;\n            min-width: 25% !important;\n        }\n\n        #colibri-3599-c22        dl:nth-of-type(4n +1 ) {\n            clear: both;\n        }\n\n        }@media (max-width: 767px) {        #colibri-3599-c22        dl {\n            float: left;\n            width: 50% !important;\n            max-width: 50% !important;\n            min-width: 50% !important;\n        }\n\n        #colibri-3599-c22        dl:nth-of-type(2n +1 ) {\n            clear: both;\n        }\n\n        }\n        #colibri-3599-c22        .gallery-item {\n            position: relative;\n        }\n\n        \n    <\/style>\n    <div   class='colibri-3599-c22-dls-wrapper gallery-items-wrapper' ><dl class='gallery-item masonry-item'>\n\t\t\t<dt class='gallery-icon landscape'>\n\t\t\t\t<a data-fancybox=\"colibri-3599-c22-group\" href='https:\/\/wolkenstayn.de\/wp-content\/uploads\/2024\/04\/Luftablass_1.jpg'><img loading=\"lazy\" decoding=\"async\" width=\"300\" height=\"199\" src=\"https:\/\/wolkenstayn.de\/wp-content\/uploads\/2024\/04\/Luftablass_1-300x199.jpg\" class=\"colibri-3599-c22-image\" alt=\"Wolkenstayn\" srcset=\"https:\/\/wolkenstayn.de\/wp-content\/uploads\/2024\/04\/Luftablass_1-300x199.jpg 300w, https:\/\/wolkenstayn.de\/wp-content\/uploads\/2024\/04\/Luftablass_1-1024x680.jpg 1024w, https:\/\/wolkenstayn.de\/wp-content\/uploads\/2024\/04\/Luftablass_1-768x510.jpg 768w, https:\/\/wolkenstayn.de\/wp-content\/uploads\/2024\/04\/Luftablass_1-18x12.jpg 18w, https:\/\/wolkenstayn.de\/wp-content\/uploads\/2024\/04\/Luftablass_1.jpg 1500w\" sizes=\"auto, (max-width: 300px) 100vw, 300px\" title=\"\"><\/a>\n\t\t\t<\/dt><\/dl><dl class='gallery-item masonry-item'>\n\t\t\t<dt class='gallery-icon portrait'>\n\t\t\t\t<a data-fancybox=\"colibri-3599-c22-group\" href='https:\/\/wolkenstayn.de\/wp-content\/uploads\/2024\/04\/StimmvorrichtungMetall_2_1-6.jpg'><img loading=\"lazy\" decoding=\"async\" width=\"200\" height=\"300\" src=\"https:\/\/wolkenstayn.de\/wp-content\/uploads\/2024\/04\/StimmvorrichtungMetall_2_1-6-200x300.jpg\" class=\"colibri-3599-c22-image\" alt=\"Wolkenstayn\" srcset=\"https:\/\/wolkenstayn.de\/wp-content\/uploads\/2024\/04\/StimmvorrichtungMetall_2_1-6-200x300.jpg 200w, https:\/\/wolkenstayn.de\/wp-content\/uploads\/2024\/04\/StimmvorrichtungMetall_2_1-6-683x1024.jpg 683w, https:\/\/wolkenstayn.de\/wp-content\/uploads\/2024\/04\/StimmvorrichtungMetall_2_1-6-768x1152.jpg 768w, https:\/\/wolkenstayn.de\/wp-content\/uploads\/2024\/04\/StimmvorrichtungMetall_2_1-6-8x12.jpg 8w, https:\/\/wolkenstayn.de\/wp-content\/uploads\/2024\/04\/StimmvorrichtungMetall_2_1-6.jpg 1000w\" sizes=\"auto, (max-width: 200px) 100vw, 200px\" title=\"\"><\/a>\n\t\t\t<\/dt><\/dl><dl class='gallery-item masonry-item'>\n\t\t\t<dt class='gallery-icon portrait'>\n\t\t\t\t<a data-fancybox=\"colibri-3599-c22-group\" href='https:\/\/wolkenstayn.de\/wp-content\/uploads\/2024\/04\/Balg_2_1-1.jpg'><img loading=\"lazy\" decoding=\"async\" width=\"199\" height=\"300\" src=\"https:\/\/wolkenstayn.de\/wp-content\/uploads\/2024\/04\/Balg_2_1-1-199x300.jpg\" class=\"colibri-3599-c22-image\" alt=\"Wolkenstayn\" srcset=\"https:\/\/wolkenstayn.de\/wp-content\/uploads\/2024\/04\/Balg_2_1-1-199x300.jpg 199w, https:\/\/wolkenstayn.de\/wp-content\/uploads\/2024\/04\/Balg_2_1-1-680x1024.jpg 680w, https:\/\/wolkenstayn.de\/wp-content\/uploads\/2024\/04\/Balg_2_1-1-768x1157.jpg 768w, https:\/\/wolkenstayn.de\/wp-content\/uploads\/2024\/04\/Balg_2_1-1-8x12.jpg 8w, https:\/\/wolkenstayn.de\/wp-content\/uploads\/2024\/04\/Balg_2_1-1.jpg 996w\" sizes=\"auto, (max-width: 199px) 100vw, 199px\" title=\"\"><\/a>\n\t\t\t<\/dt><\/dl><dl class='gallery-item masonry-item'>\n\t\t\t<dt class='gallery-icon landscape'>\n\t\t\t\t<a data-fancybox=\"colibri-3599-c22-group\" href='https:\/\/wolkenstayn.de\/wp-content\/uploads\/2024\/04\/Balg_1-1.jpg'><img loading=\"lazy\" decoding=\"async\" width=\"300\" height=\"199\" src=\"https:\/\/wolkenstayn.de\/wp-content\/uploads\/2024\/04\/Balg_1-1-300x199.jpg\" class=\"colibri-3599-c22-image\" alt=\"Wolkenstayn\" srcset=\"https:\/\/wolkenstayn.de\/wp-content\/uploads\/2024\/04\/Balg_1-1-300x199.jpg 300w, https:\/\/wolkenstayn.de\/wp-content\/uploads\/2024\/04\/Balg_1-1-1024x680.jpg 1024w, https:\/\/wolkenstayn.de\/wp-content\/uploads\/2024\/04\/Balg_1-1-768x510.jpg 768w, https:\/\/wolkenstayn.de\/wp-content\/uploads\/2024\/04\/Balg_1-1-18x12.jpg 18w, https:\/\/wolkenstayn.de\/wp-content\/uploads\/2024\/04\/Balg_1-1.jpg 1500w\" sizes=\"auto, (max-width: 300px) 100vw, 300px\" title=\"\"><\/a>\n\t\t\t<\/dt><\/dl><dl class='gallery-item masonry-item'>\n\t\t\t<dt class='gallery-icon landscape'>\n\t\t\t\t<a data-fancybox=\"colibri-3599-c22-group\" href='https:\/\/wolkenstayn.de\/wp-content\/uploads\/2024\/04\/Bordun_1.jpg'><img loading=\"lazy\" decoding=\"async\" width=\"300\" height=\"199\" src=\"https:\/\/wolkenstayn.de\/wp-content\/uploads\/2024\/04\/Bordun_1-300x199.jpg\" class=\"colibri-3599-c22-image\" alt=\"Wolkenstayn\" srcset=\"https:\/\/wolkenstayn.de\/wp-content\/uploads\/2024\/04\/Bordun_1-300x199.jpg 300w, https:\/\/wolkenstayn.de\/wp-content\/uploads\/2024\/04\/Bordun_1-1024x680.jpg 1024w, https:\/\/wolkenstayn.de\/wp-content\/uploads\/2024\/04\/Bordun_1-768x510.jpg 768w, https:\/\/wolkenstayn.de\/wp-content\/uploads\/2024\/04\/Bordun_1-18x12.jpg 18w, https:\/\/wolkenstayn.de\/wp-content\/uploads\/2024\/04\/Bordun_1.jpg 1500w\" sizes=\"auto, (max-width: 300px) 100vw, 300px\" title=\"\"><\/a>\n\t\t\t<\/dt><\/dl><dl class='gallery-item masonry-item'>\n\t\t\t<dt class='gallery-icon portrait'>\n\t\t\t\t<a data-fancybox=\"colibri-3599-c22-group\" href='https:\/\/wolkenstayn.de\/wp-content\/uploads\/2024\/04\/TastaturDetail_2_1.jpg'><img loading=\"lazy\" decoding=\"async\" width=\"199\" height=\"300\" src=\"https:\/\/wolkenstayn.de\/wp-content\/uploads\/2024\/04\/TastaturDetail_2_1-199x300.jpg\" class=\"colibri-3599-c22-image\" alt=\"Wolkenstayn\" srcset=\"https:\/\/wolkenstayn.de\/wp-content\/uploads\/2024\/04\/TastaturDetail_2_1-199x300.jpg 199w, https:\/\/wolkenstayn.de\/wp-content\/uploads\/2024\/04\/TastaturDetail_2_1-680x1024.jpg 680w, https:\/\/wolkenstayn.de\/wp-content\/uploads\/2024\/04\/TastaturDetail_2_1-768x1157.jpg 768w, https:\/\/wolkenstayn.de\/wp-content\/uploads\/2024\/04\/TastaturDetail_2_1-8x12.jpg 8w, https:\/\/wolkenstayn.de\/wp-content\/uploads\/2024\/04\/TastaturDetail_2_1.jpg 996w\" sizes=\"auto, (max-width: 199px) 100vw, 199px\" title=\"\"><\/a>\n\t\t\t<\/dt><\/dl><dl class='gallery-item masonry-item'>\n\t\t\t<dt class='gallery-icon portrait'>\n\t\t\t\t<a data-fancybox=\"colibri-3599-c22-group\" href='https:\/\/wolkenstayn.de\/wp-content\/uploads\/2024\/04\/Pfeifen_2_1-1.jpg'><img loading=\"lazy\" decoding=\"async\" width=\"199\" height=\"300\" src=\"https:\/\/wolkenstayn.de\/wp-content\/uploads\/2024\/04\/Pfeifen_2_1-1-199x300.jpg\" class=\"colibri-3599-c22-image\" alt=\"Wolkenstayn\" srcset=\"https:\/\/wolkenstayn.de\/wp-content\/uploads\/2024\/04\/Pfeifen_2_1-1-199x300.jpg 199w, https:\/\/wolkenstayn.de\/wp-content\/uploads\/2024\/04\/Pfeifen_2_1-1-680x1024.jpg 680w, https:\/\/wolkenstayn.de\/wp-content\/uploads\/2024\/04\/Pfeifen_2_1-1-768x1157.jpg 768w, https:\/\/wolkenstayn.de\/wp-content\/uploads\/2024\/04\/Pfeifen_2_1-1-8x12.jpg 8w, https:\/\/wolkenstayn.de\/wp-content\/uploads\/2024\/04\/Pfeifen_2_1-1.jpg 996w\" sizes=\"auto, (max-width: 199px) 100vw, 199px\" title=\"\"><\/a>\n\t\t\t<\/dt><\/dl><dl class='gallery-item masonry-item'>\n\t\t\t<dt class='gallery-icon landscape'>\n\t\t\t\t<a data-fancybox=\"colibri-3599-c22-group\" href='https:\/\/wolkenstayn.de\/wp-content\/uploads\/2024\/04\/Pfeifen_1_1.jpg'><img loading=\"lazy\" decoding=\"async\" width=\"300\" height=\"199\" src=\"https:\/\/wolkenstayn.de\/wp-content\/uploads\/2024\/04\/Pfeifen_1_1-300x199.jpg\" class=\"colibri-3599-c22-image\" alt=\"Wolkenstayn\" srcset=\"https:\/\/wolkenstayn.de\/wp-content\/uploads\/2024\/04\/Pfeifen_1_1-300x199.jpg 300w, https:\/\/wolkenstayn.de\/wp-content\/uploads\/2024\/04\/Pfeifen_1_1-1024x680.jpg 1024w, https:\/\/wolkenstayn.de\/wp-content\/uploads\/2024\/04\/Pfeifen_1_1-768x510.jpg 768w, https:\/\/wolkenstayn.de\/wp-content\/uploads\/2024\/04\/Pfeifen_1_1-18x12.jpg 18w, https:\/\/wolkenstayn.de\/wp-content\/uploads\/2024\/04\/Pfeifen_1_1.jpg 1500w\" sizes=\"auto, (max-width: 300px) 100vw, 300px\" title=\"\"><\/a>\n\t\t\t<\/dt><\/dl><dl class='gallery-item masonry-item'>\n\t\t\t<dt class='gallery-icon portrait'>\n\t\t\t\t<a data-fancybox=\"colibri-3599-c22-group\" href='https:\/\/wolkenstayn.de\/wp-content\/uploads\/2024\/04\/GhaettaRe_1.jpg'><img loading=\"lazy\" decoding=\"async\" width=\"199\" height=\"300\" src=\"https:\/\/wolkenstayn.de\/wp-content\/uploads\/2024\/04\/GhaettaRe_1-199x300.jpg\" class=\"colibri-3599-c22-image\" alt=\"Ghaetta Wolkenstayn\" srcset=\"https:\/\/wolkenstayn.de\/wp-content\/uploads\/2024\/04\/GhaettaRe_1-199x300.jpg 199w, https:\/\/wolkenstayn.de\/wp-content\/uploads\/2024\/04\/GhaettaRe_1-680x1024.jpg 680w, https:\/\/wolkenstayn.de\/wp-content\/uploads\/2024\/04\/GhaettaRe_1-768x1157.jpg 768w, https:\/\/wolkenstayn.de\/wp-content\/uploads\/2024\/04\/GhaettaRe_1-8x12.jpg 8w, https:\/\/wolkenstayn.de\/wp-content\/uploads\/2024\/04\/GhaettaRe_1.jpg 996w\" sizes=\"auto, (max-width: 199px) 100vw, 199px\" title=\"\"><\/a>\n\t\t\t<\/dt><\/dl><dl class='gallery-item masonry-item'>\n\t\t\t<dt class='gallery-icon portrait'>\n\t\t\t\t<a data-fancybox=\"colibri-3599-c22-group\" href='https:\/\/wolkenstayn.de\/wp-content\/uploads\/2024\/04\/Fenster_1-1.jpg'><img loading=\"lazy\" decoding=\"async\" width=\"199\" height=\"300\" src=\"https:\/\/wolkenstayn.de\/wp-content\/uploads\/2024\/04\/Fenster_1-1-199x300.jpg\" class=\"colibri-3599-c22-image\" alt=\"Wolkenstayn\" srcset=\"https:\/\/wolkenstayn.de\/wp-content\/uploads\/2024\/04\/Fenster_1-1-199x300.jpg 199w, https:\/\/wolkenstayn.de\/wp-content\/uploads\/2024\/04\/Fenster_1-1-680x1024.jpg 680w, https:\/\/wolkenstayn.de\/wp-content\/uploads\/2024\/04\/Fenster_1-1-768x1157.jpg 768w, https:\/\/wolkenstayn.de\/wp-content\/uploads\/2024\/04\/Fenster_1-1-8x12.jpg 8w, https:\/\/wolkenstayn.de\/wp-content\/uploads\/2024\/04\/Fenster_1-1.jpg 996w\" sizes=\"auto, (max-width: 199px) 100vw, 199px\" title=\"\"><\/a>\n\t\t\t<\/dt><\/dl>\n\t\t\t\n\t\t<\/div>\n<style>#colibri-3599-c22 .wp-caption-text.gallery-caption{display:none;}<\/style><\/div><\/div>\n                <\/div>\n              <\/div>\n            <\/div>\n          <\/div>\n        <\/div>\n      <\/div>\n    <\/div>\n  <\/div>\n<\/div>","protected":false},"excerpt":{"rendered":"<p>&#8222;Ghaetta&#8220; 30 Metallpfeifen g &#8211; chromatisch &#8211; c3 Ma\u00dfe: ca. 110 x 49 x 21 cm Gewicht: ca. 12 kg Abb. zeigt Sonderausstattung Dieses gro\u00dfe Portativ in der Tradition sp\u00e4tgotischer Instrumente bietet einen weiten Tonumfang in der tieferen Alt-Lage. Gro\u00dfer, vollchromatischer Tonumfang von 2 1\/2 Oktaven; kraftvoll-dynamischer Klang, intoniert f\u00fcr ausdrucksvolles Spiel und spannende Klangeffekte. [&hellip;]<\/p>\n","protected":false},"author":1,"featured_media":0,"parent":728,"menu_order":0,"comment_status":"closed","ping_status":"closed","template":"page-templates\/full-width-page.php","meta":{"footnotes":""},"class_list":["post-3599","page","type-page","status-publish","hentry"],"_links":{"self":[{"href":"https:\/\/wolkenstayn.de\/en\/wp-json\/wp\/v2\/pages\/3599","targetHints":{"allow":["GET"]}}],"collection":[{"href":"https:\/\/wolkenstayn.de\/en\/wp-json\/wp\/v2\/pages"}],"about":[{"href":"https:\/\/wolkenstayn.de\/en\/wp-json\/wp\/v2\/types\/page"}],"author":[{"embeddable":true,"href":"https:\/\/wolkenstayn.de\/en\/wp-json\/wp\/v2\/users\/1"}],"replies":[{"embeddable":true,"href":"https:\/\/wolkenstayn.de\/en\/wp-json\/wp\/v2\/comments?post=3599"}],"version-history":[{"count":0,"href":"https:\/\/wolkenstayn.de\/en\/wp-json\/wp\/v2\/pages\/3599\/revisions"}],"up":[{"embeddable":true,"href":"https:\/\/wolkenstayn.de\/en\/wp-json\/wp\/v2\/pages\/728"}],"wp:attachment":[{"href":"https:\/\/wolkenstayn.de\/en\/wp-json\/wp\/v2\/media?parent=3599"}],"curies":[{"name":"wp","href":"https:\/\/api.w.org\/{rel}","templated":true}]}}