{"id":2314,"date":"2024-03-04T14:08:08","date_gmt":"2024-03-04T13:08:08","guid":{"rendered":"https:\/\/wolkenstayn.1vy.de\/?page_id=2314"},"modified":"2025-01-06T23:03:21","modified_gmt":"2025-01-06T22:03:21","slug":"alle-vorteile-in-der-uebersicht","status":"publish","type":"page","link":"https:\/\/wolkenstayn.de\/en\/instrumente\/alle-vorteile-in-der-uebersicht\/","title":{"rendered":"All Features"},"content":{"rendered":"<div data-colibri-id=\"2314-c1\" class=\"style-1458 style-local-2314-c1 position-relative\">\n  <!---->\n  <div data-colibri-component=\"section\" data-colibri-id=\"2314-c2\" id=\"content\" class=\"h-section h-section-global-spacing d-flex align-items-lg-center align-items-md-center align-items-center style-1459 style-local-2314-c2 position-relative\">\n    <!---->\n    <!---->\n    <div class=\"h-section-grid-container h-section-boxed-container\">\n      <!---->\n      <div data-colibri-id=\"2314-c3\" class=\"h-row-container gutters-row-lg-2 gutters-row-md-2 gutters-row-2 gutters-row-v-lg-2 gutters-row-v-md-2 gutters-row-v-2 style-1460 style-local-2314-c3 position-relative\">\n        <!---->\n        <div class=\"h-row justify-content-lg-center justify-content-md-center justify-content-center align-items-lg-stretch align-items-md-stretch align-items-stretch gutters-col-lg-2 gutters-col-md-2 gutters-col-2 gutters-col-v-lg-2 gutters-col-v-md-2 gutters-col-v-2\">\n          <!---->\n          <div class=\"h-column h-column-container d-flex h-col-lg-auto h-col-md-auto h-col-auto style-1461-outer style-local-2314-c4-outer\">\n            <div data-colibri-id=\"2314-c4\" class=\"d-flex h-flex-basis h-column__inner h-px-lg-1 h-px-md-0 h-px-2 v-inner-lg-1 v-inner-md-0 v-inner-2 style-1461 style-local-2314-c4 position-relative\">\n              <!---->\n              <!---->\n              <div class=\"w-100 h-y-container h-column__content h-column__v-align flex-basis-100 align-self-lg-center align-self-md-center align-self-center\">\n                <!---->\n                <div data-colibri-id=\"2314-c5\" class=\"h-text h-text-component style-1463 style-local-2314-c5 position-relative h-element\">\n                  <!---->\n                  <!---->\n                  <div class=\"\">\n                    <p>\u2013 \"Made in Bavaria \u2013 Germany\" All instruments are handmade in our own workshop<\/p>\n                    <p>\u2013 Short delivery time<\/p>\n                    <p>\u2013 Carefully selected European wood, partly from our own woodland<\/p>\n                    <p>\u2013 Innovative ideas and solutions combined with the traditional art of organ building<\/p>\n                    <p>\u2013 Very lightweight construction<\/p>\n                    <p>\u2013 Highest possible reliability<\/p>\n                    <p>\u2013 Lowest overall depth, resulting in a perfect, ergonomic playing position for the right hand; narrow, light suitcases and transport bags are also possible.<\/p>\n                    <p>\u2013 Precise keyboard: Full-fledged, precise and smooth-running organ keyboard; alternatively simple, direct button keyboard based on the early medieval model<\/p>\n                    <p>\u2013 Perfect bellows: High-quality and durable bellows made from selected materials, for precise handling and response.<\/p>\n                    <p>\u2013 Elegant, easy-to-use special drone device for any key<\/p>\n                    <p>\u2013 Easy and reliable to use pipe tuning option (material and design as desired)<\/p>\n                    <p>\u2013 Easy transport: Standing and lying transport (!) is also possible for the metal pipe portatives, thanks to the patented, play-free pipe attachment. Lightweight and sturdy suitcases with day straps or trolley upon request, as well as specially made backpack bags.<\/p>\n                    <p>\u2013 Ecology: 100% electricity for production comes from renewable energies (hydropower, wind, photovoltaics), 80% heating (100% targeted by 2028) with wood from our own, sustainably managed forest.<\/p>\n                    <p>\u2013 Perfect and fast service<\/p>\n                    <p>\u2013 Courses<\/p>\n                    <p>\u2013 Rental instruments<\/p>\n                    <p>\n                      <br>\n                    <\/p>\n                    <p>Wolkenstayn Gotische Orgeln<\/p>\n                    <p>Inh. Dipl.-Ing. (FH) Stefan Keppler<\/p>\n                  <\/div>\n                <\/div>\n              <\/div>\n            <\/div>\n          <\/div>\n        <\/div>\n      <\/div>\n    <\/div>\n  <\/div>\n<\/div>","protected":false},"excerpt":{"rendered":"<p>\u2013 &#8222;Made in Bavaria \u2013 Germany&#8220; aus eigener Werkstatt \u2013 Kurze Lieferzeiten \u2013 Hochwertigste, ausgesuchte H\u00f6lzer, teils aus eigenen W\u00e4ldern \u2013 Innovative Detaill\u00f6sungen in Verbindung mit traditioneller Orgelbaukunst \u2013 Geringstes Gewicht bei hoher Stabilit\u00e4t \u2013 H\u00f6chstm\u00f6gliche Zuverl\u00e4ssigkeit \u2013 Geringste Bautiefe, dadurch perfekte, ergonomische Spielhaltung der Rechten Hand; dazu schmale, leichte Koffer und Transporttaschen m\u00f6glich. \u2013 [&hellip;]<\/p>\n","protected":false},"author":1,"featured_media":0,"parent":728,"menu_order":0,"comment_status":"closed","ping_status":"closed","template":"page-templates\/full-width-page.php","meta":{"footnotes":""},"class_list":["post-2314","page","type-page","status-publish","hentry"],"_links":{"self":[{"href":"https:\/\/wolkenstayn.de\/en\/wp-json\/wp\/v2\/pages\/2314","targetHints":{"allow":["GET"]}}],"collection":[{"href":"https:\/\/wolkenstayn.de\/en\/wp-json\/wp\/v2\/pages"}],"about":[{"href":"https:\/\/wolkenstayn.de\/en\/wp-json\/wp\/v2\/types\/page"}],"author":[{"embeddable":true,"href":"https:\/\/wolkenstayn.de\/en\/wp-json\/wp\/v2\/users\/1"}],"replies":[{"embeddable":true,"href":"https:\/\/wolkenstayn.de\/en\/wp-json\/wp\/v2\/comments?post=2314"}],"version-history":[{"count":0,"href":"https:\/\/wolkenstayn.de\/en\/wp-json\/wp\/v2\/pages\/2314\/revisions"}],"up":[{"embeddable":true,"href":"https:\/\/wolkenstayn.de\/en\/wp-json\/wp\/v2\/pages\/728"}],"wp:attachment":[{"href":"https:\/\/wolkenstayn.de\/en\/wp-json\/wp\/v2\/media?parent=2314"}],"curies":[{"name":"wp","href":"https:\/\/api.w.org\/{rel}","templated":true}]}}