{"id":2028,"date":"2024-02-16T17:15:41","date_gmt":"2024-02-16T17:15:41","guid":{"rendered":"https:\/\/wolkenstayn.1vy.de\/?page_id=2028"},"modified":"2025-01-07T00:11:08","modified_gmt":"2025-01-06T23:11:08","slug":"istampitta","status":"publish","type":"page","link":"https:\/\/wolkenstayn.de\/en\/instrumente\/istampitta\/","title":{"rendered":"Istampitta"},"content":{"rendered":"<div data-colibri-id=\"2028-c1\" class=\"style-1394 style-local-2028-c1 position-relative\">\n  <!---->\n  <div data-colibri-component=\"section\" data-colibri-id=\"2028-c2\" id=\"content\" class=\"h-section h-section-global-spacing d-flex align-items-lg-center align-items-md-center align-items-center style-1395 style-local-2028-c2 position-relative\">\n    <!---->\n    <!---->\n    <div class=\"h-section-grid-container h-section-boxed-container\">\n      <!---->\n      <div data-colibri-id=\"2028-c3\" class=\"h-row-container gutters-row-lg-2 gutters-row-md-2 gutters-row-2 gutters-row-v-lg-2 gutters-row-v-md-2 gutters-row-v-2 style-1396 style-local-2028-c3 position-relative\">\n        <!---->\n        <div class=\"h-row justify-content-lg-center justify-content-md-center justify-content-center align-items-lg-stretch align-items-md-stretch align-items-stretch gutters-col-lg-2 gutters-col-md-2 gutters-col-2 gutters-col-v-lg-2 gutters-col-v-md-2 gutters-col-v-2\">\n          <!---->\n          <div class=\"h-column h-column-container d-flex h-col-lg-auto h-col-md-auto h-col-auto style-1399-outer style-local-2028-c4-outer\">\n            <div data-colibri-id=\"2028-c4\" class=\"d-flex h-flex-basis h-column__inner h-px-lg-1 h-px-md-0 h-px-2 v-inner-lg-1 v-inner-md-0 v-inner-2 style-1399 style-local-2028-c4 position-relative\">\n              <!---->\n              <!---->\n              <div class=\"w-100 h-y-container h-column__content h-column__v-align flex-basis-100 align-self-lg-center align-self-md-center align-self-center\">\n                <!---->\n                <div data-colibri-id=\"2028-c5\" class=\"h-global-transition-all h-heading style-1400 style-local-2028-c5 position-relative h-element\">\n                  <!---->\n                  <div class=\"h-heading__outer style-1400 style-local-2028-c5\">\n                    <!---->\n                    <!---->\n                    <h2 class=\"\">&#8222;Istampitta&#8220;<\/h2>\n                  <\/div>\n                <\/div>\n                <div data-colibri-id=\"2028-c6\" class=\"h-row-container gutters-row-lg-0 gutters-row-md-0 gutters-row-0 gutters-row-v-lg-0 gutters-row-v-md-0 gutters-row-v-0 style-1401 style-local-2028-c6 position-relative\">\n                  <!---->\n                  <div class=\"h-row justify-content-lg-center justify-content-md-center justify-content-center align-items-lg-stretch align-items-md-stretch align-items-stretch gutters-col-lg-0 gutters-col-md-0 gutters-col-0 gutters-col-v-lg-0 gutters-col-v-md-0 gutters-col-v-0\">\n                    <!---->\n                    <div class=\"h-column h-column-container d-flex h-col-lg h-col-md h-col-auto style-1404-outer style-local-2028-c7-outer\">\n                      <div data-colibri-id=\"2028-c7\" class=\"d-flex h-flex-basis h-column__inner h-px-lg-0 h-px-md-0 h-px-0 v-inner-lg-0 v-inner-md-0 v-inner-0 style-1404 style-local-2028-c7 position-relative\">\n                        <!---->\n                        <!---->\n                        <div class=\"w-100 h-y-container h-column__content h-column__v-align flex-basis-100 align-self-lg-start align-self-md-start align-self-start\">\n                          <!---->\n                          <div data-colibri-id=\"2028-c8\" class=\"h-text h-text-component style-1406 style-local-2028-c8 position-relative h-element\">\n                            <!---->\n                            <!---->\n                            <div class=\"\">\n                              <p>16 metal pipes f1-diatonic-e3 incl. the frequently required semitones Bb.<\/p>\n                            <\/div>\n                          <\/div>\n                        <\/div>\n                      <\/div>\n                    <\/div>\n                  <\/div>\n                <\/div>\n                <div data-colibri-id=\"2028-c9\" class=\"h-row-container gutters-row-lg-0 gutters-row-md-0 gutters-row-0 gutters-row-v-lg-0 gutters-row-v-md-0 gutters-row-v-0 style-1401 style-local-2028-c9 position-relative\">\n                  <!---->\n                  <div class=\"h-row justify-content-lg-center justify-content-md-center justify-content-center align-items-lg-stretch align-items-md-stretch align-items-stretch gutters-col-lg-0 gutters-col-md-0 gutters-col-0 gutters-col-v-lg-0 gutters-col-v-md-0 gutters-col-v-0\">\n                    <!---->\n                    <div class=\"h-column h-column-container d-flex h-col-lg h-col-md h-col-auto style-1404-outer style-local-2028-c10-outer\">\n                      <div data-colibri-id=\"2028-c10\" class=\"d-flex h-flex-basis h-column__inner h-px-lg-0 h-px-md-0 h-px-0 v-inner-lg-0 v-inner-md-0 v-inner-0 style-1404 style-local-2028-c10 position-relative\">\n                        <!---->\n                        <!---->\n                        <div class=\"w-100 h-y-container h-column__content h-column__v-align flex-basis-100 align-self-lg-start align-self-md-start align-self-start\">\n                          <!---->\n                          <div data-colibri-id=\"2028-c11\" class=\"h-text h-text-component style-1406 style-local-2028-c11 position-relative h-element\">\n                            <!---->\n                            <!---->\n                            <div class=\"\">\n                              <p>Upon request, the pipes can be ordered tunable: c\/c#, d\/d#, f\/f#, g\/g#.<\/p>\n                            <\/div>\n                          <\/div>\n                          <div data-colibri-id=\"2028-c12\" class=\"h-text h-text-component style-1406 style-local-2028-c12 position-relative h-element\">\n                            <!---->\n                            <!---->\n                            <div class=\"\">\n                              <p>Dimensions: approx. 72 x 42 x 16 cm<\/p>\n                              <p>Weight: approx. 4.8 kg<\/p>\n                            <\/div>\n                          <\/div>\n                          <div data-colibri-id=\"2028-c13\" class=\"h-text h-text-component style-1406 style-local-2028-c13 position-relative h-element\">\n                            <!---->\n                            <!---->\n                            <div class=\"\">\n                              <p>\n                                <br>\n                              <\/p>\n                              <p>(Fig. shows special equipment)<\/p>\n                            <\/div>\n                          <\/div>\n                        <\/div>\n                      <\/div>\n                    <\/div>\n                  <\/div>\n                <\/div>\n              <\/div>\n            <\/div>\n          <\/div>\n          <div class=\"h-column h-column-container d-flex h-col-lg-auto h-col-md-auto h-col-auto style-1397-outer style-local-2028-c14-outer\">\n            <div data-colibri-id=\"2028-c14\" class=\"d-flex h-flex-basis h-column__inner h-px-lg-1 h-px-md-2 h-px-2 v-inner-lg-1 v-inner-md-2 v-inner-2 style-1397 style-local-2028-c14 position-relative\">\n              <!---->\n              <!---->\n              <div class=\"w-100 h-y-container h-column__content h-column__v-align flex-basis-100 align-self-lg-center align-self-md-center align-self-center\">\n                <!---->\n                <div data-colibri-id=\"2028-c15\" class=\"d-block style-1398 style-local-2028-c15 position-relative h-element\">\n                  <!---->\n                  <div class=\"h-image__frame-container-outer\">\n                    <div class=\"h-image__frame-container\">\n                      <!---->\n                      <!---->\n                      <img loading=\"lazy\" decoding=\"async\" width=\"996\" height=\"1500\" src=\"https:\/\/wolkenstayn.de\/wp-content\/uploads\/2024\/04\/IstRe_1.jpg\" class=\"wp-image-4250 style-1398-image style-local-2028-c15-image\" alt=\"Istampitta Portativorgel Wolkenstayn\" title=\"\" srcset=\"https:\/\/wolkenstayn.de\/wp-content\/uploads\/2024\/04\/IstRe_1.jpg 996w, https:\/\/wolkenstayn.de\/wp-content\/uploads\/2024\/04\/IstRe_1-199x300.jpg 199w, https:\/\/wolkenstayn.de\/wp-content\/uploads\/2024\/04\/IstRe_1-680x1024.jpg 680w, https:\/\/wolkenstayn.de\/wp-content\/uploads\/2024\/04\/IstRe_1-768x1157.jpg 768w, https:\/\/wolkenstayn.de\/wp-content\/uploads\/2024\/04\/IstRe_1-8x12.jpg 8w\" sizes=\"auto, (max-width: 996px) 100vw, 996px\" \/>\n                      <div class=\"h-image__frame h-hide-sm style-1398-frameImage style-local-2028-c15-frameImage\"><\/div>\n                    <\/div>\n                  <\/div>\n                <\/div>\n              <\/div>\n            <\/div>\n          <\/div>\n        <\/div>\n      <\/div>\n    <\/div>\n  <\/div>\n  <div data-colibri-component=\"section\" data-colibri-id=\"2028-c16\" id=\"about\" class=\"h-section h-section-global-spacing d-flex align-items-lg-center align-items-md-center align-items-center style-1409 style-local-2028-c16 position-relative\">\n    <!---->\n    <!---->\n    <div class=\"h-section-grid-container h-section-boxed-container\">\n      <!---->\n      <div data-colibri-id=\"2028-c17\" class=\"h-row-container gutters-row-lg-2 gutters-row-md-2 gutters-row-2 gutters-row-v-lg-2 gutters-row-v-md-2 gutters-row-v-2 style-1410 style-local-2028-c17 position-relative\">\n        <!---->\n        <div class=\"h-row justify-content-lg-center justify-content-md-center justify-content-center align-items-lg-stretch align-items-md-stretch align-items-stretch gutters-col-lg-2 gutters-col-md-2 gutters-col-2 gutters-col-v-lg-2 gutters-col-v-md-2 gutters-col-v-2\">\n          <!---->\n          <div class=\"h-column h-column-container d-flex h-col-lg-auto h-col-md-auto h-col-auto style-1411-outer style-local-2028-c18-outer\">\n            <div data-colibri-id=\"2028-c18\" class=\"d-flex h-flex-basis h-column__inner h-px-lg-1 h-px-md-1 h-px-2 v-inner-lg-1 v-inner-md-1 v-inner-2 style-1411 style-local-2028-c18 position-relative\">\n              <!---->\n              <!---->\n              <div class=\"w-100 h-y-container h-column__content h-column__v-align flex-basis-100 align-self-lg-center align-self-md-center align-self-center\">\n                <!---->\n                <div data-colibri-id=\"2028-c19\" class=\"h-text h-text-component style-1414 style-local-2028-c19 position-relative h-element\">\n                  <!---->\n                  <!---->\n                  <div class=\"\">\n                    <p>This new, small portative follows the Romanesque tradition and impresses with its compact dimensions and low weight. An amazingly powerful and beautiful sound at an affordable price; Of course, without compromising on the usual \u201cWolkenstayn\u201d quality of the larger instruments.<\/p>\n                    <p>The frame is made of maple, oiled.<\/p>\n                    <p>Tuning sleeves are made of special light wight parchment paper; other materials upon request.\nPitch: a=440Hz (or as desired; for more information please email us)<\/p>\n                    <p>Smooth-running keyboard for sensitive pipe response;<\/p>\n                    <p>In addition to the full-fledged, precise and smooth-running piano keyboard, we also offer a simple button keyboard based on the early medieval model.<\/p>\n                    <p>The keys (either a piano-type or a button-type keyboard is available) are made of selected fruit-tree wood and maple.<\/p>\n                    <p>All keys, even several at the same time, can be individually locked as drone tones using adjustable drone levers.<\/p>\n                    <p>The large bellows is made of white sheepskin and fruit-tree wood.<\/p>\n                  <\/div>\n                <\/div>\n              <\/div>\n            <\/div>\n          <\/div>\n        <\/div>\n      <\/div>\n    <\/div>\n  <\/div>\n  <div data-colibri-component=\"section\" data-colibri-id=\"2028-c20\" id=\"photo-gallery-2\" class=\"h-section h-section-global-spacing d-flex align-items-lg-center align-items-md-center align-items-center style-1805 style-local-2028-c20 position-relative\">\n    <!---->\n    <!---->\n    <div class=\"h-section-grid-container h-section-boxed-container\">\n      <!---->\n      <div data-colibri-id=\"2028-c21\" class=\"h-row-container gutters-row-lg-1 gutters-row-md-1 gutters-row-1 gutters-row-v-lg-1 gutters-row-v-md-1 gutters-row-v-1 style-1806 style-local-2028-c21 position-relative\">\n        <!---->\n        <div class=\"h-row justify-content-lg-center justify-content-md-center justify-content-center align-items-lg-stretch align-items-md-stretch align-items-stretch gutters-col-lg-1 gutters-col-md-1 gutters-col-1 gutters-col-v-lg-1 gutters-col-v-md-1 gutters-col-v-1\">\n          <!---->\n          <div class=\"h-column h-column-container d-flex h-col-lg-auto h-col-md-auto h-col-auto style-1807-outer style-local-2028-c22-outer\">\n            <div data-colibri-id=\"2028-c22\" class=\"d-flex h-flex-basis h-column__inner h-px-lg-1 h-px-md-1 h-px-1 v-inner-lg-1 v-inner-md-1 v-inner-1 style-1807 style-local-2028-c22 position-relative\">\n              <!---->\n              <!---->\n              <div class=\"w-100 h-y-container h-column__content h-column__v-align flex-basis-100 align-self-lg-start align-self-md-start align-self-start\">\n                <!---->\n                <div data-colibri-component=\"masonry\" data-colibri-id=\"2028-c23\" class=\"h-photo-gallery margin-none caption-none style-1808 style-local-2028-c23 h-overflow-hidden position-relative h-element\">\n                  <!---->\n                  <div class=\"h-global-transition-all\"><div id='colibri-2028-c23' class='gallery-wrapper'>    <style type=\"text\/css\">\n\n        @media (min-width: 1023px) {        #colibri-2028-c23        dl {\n            float: left;\n            width: 25% !important;\n            max-width: 25% !important;\n            min-width: 25% !important;\n        }\n\n        #colibri-2028-c23        dl:nth-of-type(4n +1 ) {\n            clear: both;\n        }\n\n        }@media (min-width: 768px) and (max-width: 1023px) {        #colibri-2028-c23        dl {\n            float: left;\n            width: 25% !important;\n            max-width: 25% !important;\n            min-width: 25% !important;\n        }\n\n        #colibri-2028-c23        dl:nth-of-type(4n +1 ) {\n            clear: both;\n        }\n\n        }@media (max-width: 767px) {        #colibri-2028-c23        dl {\n            float: left;\n            width: 50% !important;\n            max-width: 50% !important;\n            min-width: 50% !important;\n        }\n\n        #colibri-2028-c23        dl:nth-of-type(2n +1 ) {\n            clear: both;\n        }\n\n        }\n        #colibri-2028-c23        .gallery-item {\n            position: relative;\n        }\n\n        \n    <\/style>\n    <div   class='colibri-2028-c23-dls-wrapper gallery-items-wrapper' ><dl class='gallery-item masonry-item'>\n\t\t\t<dt class='gallery-icon portrait'>\n\t\t\t\t<a data-fancybox=\"colibri-2028-c23-group\" href='https:\/\/wolkenstayn.de\/wp-content\/uploads\/2024\/04\/IstLks_1.jpg'><img loading=\"lazy\" decoding=\"async\" width=\"199\" height=\"300\" src=\"https:\/\/wolkenstayn.de\/wp-content\/uploads\/2024\/04\/IstLks_1-199x300.jpg\" class=\"colibri-2028-c23-image\" alt=\"Istampitta Portativorgel Wolkenstayn\" srcset=\"https:\/\/wolkenstayn.de\/wp-content\/uploads\/2024\/04\/IstLks_1-199x300.jpg 199w, https:\/\/wolkenstayn.de\/wp-content\/uploads\/2024\/04\/IstLks_1-680x1024.jpg 680w, https:\/\/wolkenstayn.de\/wp-content\/uploads\/2024\/04\/IstLks_1-768x1157.jpg 768w, https:\/\/wolkenstayn.de\/wp-content\/uploads\/2024\/04\/IstLks_1-8x12.jpg 8w, https:\/\/wolkenstayn.de\/wp-content\/uploads\/2024\/04\/IstLks_1.jpg 996w\" sizes=\"auto, (max-width: 199px) 100vw, 199px\" title=\"\"><\/a>\n\t\t\t<\/dt><\/dl><dl class='gallery-item masonry-item'>\n\t\t\t<dt class='gallery-icon portrait'>\n\t\t\t\t<a data-fancybox=\"colibri-2028-c23-group\" href='https:\/\/wolkenstayn.de\/wp-content\/uploads\/2024\/04\/StimmvorrichtungMetall_2_1-2-1.jpg'><img loading=\"lazy\" decoding=\"async\" width=\"200\" height=\"300\" src=\"https:\/\/wolkenstayn.de\/wp-content\/uploads\/2024\/04\/StimmvorrichtungMetall_2_1-2-1-200x300.jpg\" class=\"colibri-2028-c23-image\" alt=\"Wolkenstayn\" srcset=\"https:\/\/wolkenstayn.de\/wp-content\/uploads\/2024\/04\/StimmvorrichtungMetall_2_1-2-1-200x300.jpg 200w, https:\/\/wolkenstayn.de\/wp-content\/uploads\/2024\/04\/StimmvorrichtungMetall_2_1-2-1-683x1024.jpg 683w, https:\/\/wolkenstayn.de\/wp-content\/uploads\/2024\/04\/StimmvorrichtungMetall_2_1-2-1-768x1152.jpg 768w, https:\/\/wolkenstayn.de\/wp-content\/uploads\/2024\/04\/StimmvorrichtungMetall_2_1-2-1-8x12.jpg 8w, https:\/\/wolkenstayn.de\/wp-content\/uploads\/2024\/04\/StimmvorrichtungMetall_2_1-2-1.jpg 1000w\" sizes=\"auto, (max-width: 200px) 100vw, 200px\" title=\"\"><\/a>\n\t\t\t<\/dt><\/dl><dl class='gallery-item masonry-item'>\n\t\t\t<dt class='gallery-icon landscape'>\n\t\t\t\t<a data-fancybox=\"colibri-2028-c23-group\" href='https:\/\/wolkenstayn.de\/wp-content\/uploads\/2024\/04\/IstDetRe_1.jpg'><img loading=\"lazy\" decoding=\"async\" width=\"300\" height=\"199\" src=\"https:\/\/wolkenstayn.de\/wp-content\/uploads\/2024\/04\/IstDetRe_1-300x199.jpg\" class=\"colibri-2028-c23-image\" alt=\"Istampitta Portativorgel Wolkenstayn\" srcset=\"https:\/\/wolkenstayn.de\/wp-content\/uploads\/2024\/04\/IstDetRe_1-300x199.jpg 300w, https:\/\/wolkenstayn.de\/wp-content\/uploads\/2024\/04\/IstDetRe_1-1024x680.jpg 1024w, https:\/\/wolkenstayn.de\/wp-content\/uploads\/2024\/04\/IstDetRe_1-768x510.jpg 768w, https:\/\/wolkenstayn.de\/wp-content\/uploads\/2024\/04\/IstDetRe_1-18x12.jpg 18w, https:\/\/wolkenstayn.de\/wp-content\/uploads\/2024\/04\/IstDetRe_1.jpg 1500w\" sizes=\"auto, (max-width: 300px) 100vw, 300px\" title=\"\"><\/a>\n\t\t\t<\/dt><\/dl><dl class='gallery-item masonry-item'>\n\t\t\t<dt class='gallery-icon landscape'>\n\t\t\t\t<a data-fancybox=\"colibri-2028-c23-group\" href='https:\/\/wolkenstayn.de\/wp-content\/uploads\/2024\/04\/IstTasten_1.jpg'><img loading=\"lazy\" decoding=\"async\" width=\"300\" height=\"199\" src=\"https:\/\/wolkenstayn.de\/wp-content\/uploads\/2024\/04\/IstTasten_1-300x199.jpg\" class=\"colibri-2028-c23-image\" alt=\"Wolkenstayn\" srcset=\"https:\/\/wolkenstayn.de\/wp-content\/uploads\/2024\/04\/IstTasten_1-300x199.jpg 300w, https:\/\/wolkenstayn.de\/wp-content\/uploads\/2024\/04\/IstTasten_1-1024x680.jpg 1024w, https:\/\/wolkenstayn.de\/wp-content\/uploads\/2024\/04\/IstTasten_1-768x510.jpg 768w, https:\/\/wolkenstayn.de\/wp-content\/uploads\/2024\/04\/IstTasten_1-18x12.jpg 18w, https:\/\/wolkenstayn.de\/wp-content\/uploads\/2024\/04\/IstTasten_1.jpg 1500w\" sizes=\"auto, (max-width: 300px) 100vw, 300px\" title=\"\"><\/a>\n\t\t\t<\/dt><\/dl><dl class='gallery-item masonry-item'>\n\t\t\t<dt class='gallery-icon portrait'>\n\t\t\t\t<a data-fancybox=\"colibri-2028-c23-group\" href='https:\/\/wolkenstayn.de\/wp-content\/uploads\/2024\/04\/IstRe_1-1.jpg'><img loading=\"lazy\" decoding=\"async\" width=\"199\" height=\"300\" src=\"https:\/\/wolkenstayn.de\/wp-content\/uploads\/2024\/04\/IstRe_1-1-199x300.jpg\" class=\"colibri-2028-c23-image\" alt=\"Istampitta Portativorgel Wolkenstayn\" srcset=\"https:\/\/wolkenstayn.de\/wp-content\/uploads\/2024\/04\/IstRe_1-1-199x300.jpg 199w, https:\/\/wolkenstayn.de\/wp-content\/uploads\/2024\/04\/IstRe_1-1-680x1024.jpg 680w, https:\/\/wolkenstayn.de\/wp-content\/uploads\/2024\/04\/IstRe_1-1-768x1157.jpg 768w, https:\/\/wolkenstayn.de\/wp-content\/uploads\/2024\/04\/IstRe_1-1-8x12.jpg 8w, https:\/\/wolkenstayn.de\/wp-content\/uploads\/2024\/04\/IstRe_1-1.jpg 996w\" sizes=\"auto, (max-width: 199px) 100vw, 199px\" title=\"\"><\/a>\n\t\t\t<\/dt><\/dl><dl class='gallery-item masonry-item'>\n\t\t\t<dt class='gallery-icon landscape'>\n\t\t\t\t<a data-fancybox=\"colibri-2028-c23-group\" href='https:\/\/wolkenstayn.de\/wp-content\/uploads\/2024\/04\/IstPfeifen_1.jpg'><img loading=\"lazy\" decoding=\"async\" width=\"300\" height=\"199\" src=\"https:\/\/wolkenstayn.de\/wp-content\/uploads\/2024\/04\/IstPfeifen_1-300x199.jpg\" class=\"colibri-2028-c23-image\" alt=\"Wolkenstayn\" srcset=\"https:\/\/wolkenstayn.de\/wp-content\/uploads\/2024\/04\/IstPfeifen_1-300x199.jpg 300w, https:\/\/wolkenstayn.de\/wp-content\/uploads\/2024\/04\/IstPfeifen_1-1024x680.jpg 1024w, https:\/\/wolkenstayn.de\/wp-content\/uploads\/2024\/04\/IstPfeifen_1-768x510.jpg 768w, https:\/\/wolkenstayn.de\/wp-content\/uploads\/2024\/04\/IstPfeifen_1-18x12.jpg 18w, https:\/\/wolkenstayn.de\/wp-content\/uploads\/2024\/04\/IstPfeifen_1.jpg 1500w\" sizes=\"auto, (max-width: 300px) 100vw, 300px\" title=\"\"><\/a>\n\t\t\t<\/dt><\/dl>\n\t\t\t\n\t\t<\/div>\n<style>#colibri-2028-c23 .wp-caption-text.gallery-caption{display:none;}<\/style><\/div><\/div>\n                <\/div>\n              <\/div>\n            <\/div>\n          <\/div>\n        <\/div>\n      <\/div>\n    <\/div>\n  <\/div>\n<\/div>","protected":false},"excerpt":{"rendered":"<p>&#8222;Istampitta&#8220; 16 Metallpfeifen f1-diatonisch-e3 einschl. der h\u00e4ufig ben\u00f6tigten Halbt\u00f6ne b. Auf Wunsch k\u00f6nnen alle oder einzelne Pfeifen auch umstimmbar bestellt werden (f\/fis, g\/gis, c\/cis, d\/dis). Ma\u00dfe: ca. 72 x 42 x 16 cm Gewicht: ca. 4.8 kg Abb. zeigt Sonderausstattung Dieses neue, kleine Portativ folgt der Tradition der Romanik und \u00fcberzeugt durch die kompakten Ma\u00dfe [&hellip;]<\/p>\n","protected":false},"author":1,"featured_media":0,"parent":728,"menu_order":0,"comment_status":"closed","ping_status":"closed","template":"page-templates\/full-width-page.php","meta":{"footnotes":""},"class_list":["post-2028","page","type-page","status-publish","hentry"],"_links":{"self":[{"href":"https:\/\/wolkenstayn.de\/en\/wp-json\/wp\/v2\/pages\/2028","targetHints":{"allow":["GET"]}}],"collection":[{"href":"https:\/\/wolkenstayn.de\/en\/wp-json\/wp\/v2\/pages"}],"about":[{"href":"https:\/\/wolkenstayn.de\/en\/wp-json\/wp\/v2\/types\/page"}],"author":[{"embeddable":true,"href":"https:\/\/wolkenstayn.de\/en\/wp-json\/wp\/v2\/users\/1"}],"replies":[{"embeddable":true,"href":"https:\/\/wolkenstayn.de\/en\/wp-json\/wp\/v2\/comments?post=2028"}],"version-history":[{"count":0,"href":"https:\/\/wolkenstayn.de\/en\/wp-json\/wp\/v2\/pages\/2028\/revisions"}],"up":[{"embeddable":true,"href":"https:\/\/wolkenstayn.de\/en\/wp-json\/wp\/v2\/pages\/728"}],"wp:attachment":[{"href":"https:\/\/wolkenstayn.de\/en\/wp-json\/wp\/v2\/media?parent=2028"}],"curies":[{"name":"wp","href":"https:\/\/api.w.org\/{rel}","templated":true}]}}